{"id":47,"date":"2018-10-13T18:38:51","date_gmt":"2018-10-13T18:38:51","guid":{"rendered":"http:\/\/pauls-tischlerei.de\/?page_id=47"},"modified":"2022-06-21T20:30:04","modified_gmt":"2022-06-21T20:30:04","slug":"galerie","status":"publish","type":"page","link":"https:\/\/pauls-tischlerei.de\/?page_id=47","title":{"rendered":"Galerie"},"content":{"rendered":"\t\t<div data-elementor-type=\"wp-post\" data-elementor-id=\"47\" class=\"elementor elementor-47\" data-elementor-settings=\"[]\">\n\t\t\t\t\t\t<div class=\"elementor-inner\">\n\t\t\t\t\t\t\t<div class=\"elementor-section-wrap\">\n\t\t\t\t\t\t\t<section class=\"elementor-section elementor-top-section elementor-element elementor-element-f5acb09 elementor-section-boxed elementor-section-height-default elementor-section-height-default\" data-id=\"f5acb09\" data-element_type=\"section\">\n\t\t\t\t\t\t<div class=\"elementor-container elementor-column-gap-default\">\n\t\t\t\t\t\t\t<div class=\"elementor-row\">\n\t\t\t\t\t<div class=\"elementor-column elementor-col-100 elementor-top-column elementor-element elementor-element-31aac9f\" data-id=\"31aac9f\" data-element_type=\"column\">\n\t\t\t<div class=\"elementor-column-wrap elementor-element-populated\">\n\t\t\t\t\t\t\t<div class=\"elementor-widget-wrap\">\n\t\t\t\t\t\t<div class=\"elementor-element elementor-element-5da205c elementor-widget elementor-widget-heading\" data-id=\"5da205c\" data-element_type=\"widget\" data-widget_type=\"heading.default\">\n\t\t\t\t<div class=\"elementor-widget-container\">\n\t\t\t<h2 class=\"elementor-heading-title elementor-size-default\">K\u00fcche <\/h2>\t\t<\/div>\n\t\t\t\t<\/div>\n\t\t\t\t<div class=\"elementor-element elementor-element-17855b3 elementor-arrows-position-inside elementor-pagination-position-outside elementor-invisible elementor-widget elementor-widget-image-carousel\" data-id=\"17855b3\" data-element_type=\"widget\" data-settings=\"{&quot;_animation&quot;:&quot;fadeIn&quot;,&quot;navigation&quot;:&quot;both&quot;,&quot;autoplay&quot;:&quot;yes&quot;,&quot;pause_on_hover&quot;:&quot;yes&quot;,&quot;pause_on_interaction&quot;:&quot;yes&quot;,&quot;autoplay_speed&quot;:5000,&quot;infinite&quot;:&quot;yes&quot;,&quot;speed&quot;:500}\" data-widget_type=\"image-carousel.default\">\n\t\t\t\t<div class=\"elementor-widget-container\">\n\t\t\t\t\t<div class=\"elementor-image-carousel-wrapper swiper-container\" dir=\"ltr\">\n\t\t\t<div class=\"elementor-image-carousel swiper-wrapper\">\n\t\t\t\t<div class=\"swiper-slide\"><figure class=\"swiper-slide-inner\"><img class=\"swiper-slide-image\" src=\"https:\/\/pauls-tischlerei.de\/wp-content\/uploads\/2018\/11\/20180901_162709-150x150.jpg\" alt=\"20180901_162709\" \/><\/figure><\/div><div class=\"swiper-slide\"><figure class=\"swiper-slide-inner\"><img class=\"swiper-slide-image\" src=\"https:\/\/pauls-tischlerei.de\/wp-content\/uploads\/2018\/11\/20180901_162801-150x150.jpg\" alt=\"20180901_162801\" \/><\/figure><\/div><div class=\"swiper-slide\"><figure class=\"swiper-slide-inner\"><img class=\"swiper-slide-image\" src=\"https:\/\/pauls-tischlerei.de\/wp-content\/uploads\/2018\/11\/alte-K\u00fcchenzeile-150x150.jpg\" alt=\"alte K\u00fcchenzeile\" \/><\/figure><\/div><div class=\"swiper-slide\"><figure class=\"swiper-slide-inner\"><img class=\"swiper-slide-image\" src=\"https:\/\/pauls-tischlerei.de\/wp-content\/uploads\/2018\/11\/IMG-20180629-WA0001-150x150.jpg\" alt=\"IMG-20180629-WA0001\" \/><\/figure><\/div><div class=\"swiper-slide\"><figure class=\"swiper-slide-inner\"><img class=\"swiper-slide-image\" src=\"https:\/\/pauls-tischlerei.de\/wp-content\/uploads\/2018\/11\/IMG-20180629-WA0004-150x150.jpg\" alt=\"IMG-20180629-WA0004\" \/><\/figure><\/div>\t\t\t<\/div>\n\t\t\t\t\t\t\t\t\t\t\t\t<div class=\"swiper-pagination\"><\/div>\n\t\t\t\t\t\t\t\t\t\t\t\t\t<div class=\"elementor-swiper-button elementor-swiper-button-prev\">\n\t\t\t\t\t\t<i class=\"eicon-chevron-left\" aria-hidden=\"true\"><\/i>\n\t\t\t\t\t\t<span class=\"elementor-screen-only\">Zur\u00fcck<\/span>\n\t\t\t\t\t<\/div>\n\t\t\t\t\t<div class=\"elementor-swiper-button elementor-swiper-button-next\">\n\t\t\t\t\t\t<i class=\"eicon-chevron-right\" aria-hidden=\"true\"><\/i>\n\t\t\t\t\t\t<span class=\"elementor-screen-only\">Weiter<\/span>\n\t\t\t\t\t<\/div>\n\t\t\t\t\t\t\t\t\t<\/div>\n\t\t\t\t<\/div>\n\t\t\t\t<\/div>\n\t\t\t\t<div class=\"elementor-element elementor-element-f238dc9 elementor-widget elementor-widget-heading\" data-id=\"f238dc9\" data-element_type=\"widget\" data-widget_type=\"heading.default\">\n\t\t\t\t<div class=\"elementor-widget-container\">\n\t\t\t<h2 class=\"elementor-heading-title elementor-size-default\">Badezimmer <\/h2>\t\t<\/div>\n\t\t\t\t<\/div>\n\t\t\t\t\t\t<\/div>\n\t\t\t\t\t<\/div>\n\t\t<\/div>\n\t\t\t\t\t\t\t\t<\/div>\n\t\t\t\t\t<\/div>\n\t\t<\/section>\n\t\t\t\t<section class=\"elementor-section elementor-top-section elementor-element elementor-element-7ac34e6 elementor-section-boxed elementor-section-height-default elementor-section-height-default\" data-id=\"7ac34e6\" data-element_type=\"section\">\n\t\t\t\t\t\t<div class=\"elementor-container elementor-column-gap-default\">\n\t\t\t\t\t\t\t<div class=\"elementor-row\">\n\t\t\t\t\t<div class=\"elementor-column elementor-col-50 elementor-top-column elementor-element elementor-element-8d77cff\" data-id=\"8d77cff\" data-element_type=\"column\">\n\t\t\t<div class=\"elementor-column-wrap elementor-element-populated\">\n\t\t\t\t\t\t\t<div class=\"elementor-widget-wrap\">\n\t\t\t\t\t\t<div class=\"elementor-element elementor-element-e9eef8d elementor-widget elementor-widget-image\" data-id=\"e9eef8d\" data-element_type=\"widget\" data-widget_type=\"image.default\">\n\t\t\t\t<div class=\"elementor-widget-container\">\n\t\t\t\t\t<div class=\"elementor-image\">\n\t\t\t\t\t\t\t\t\t\t<img width=\"575\" height=\"1024\" src=\"https:\/\/pauls-tischlerei.de\/wp-content\/uploads\/2022\/06\/IMG_20200917_182637-575x1024.jpg\" class=\"attachment-large size-large\" alt=\"\" loading=\"lazy\" srcset=\"https:\/\/pauls-tischlerei.de\/wp-content\/uploads\/2022\/06\/IMG_20200917_182637-575x1024.jpg 575w, https:\/\/pauls-tischlerei.de\/wp-content\/uploads\/2022\/06\/IMG_20200917_182637-169x300.jpg 169w, https:\/\/pauls-tischlerei.de\/wp-content\/uploads\/2022\/06\/IMG_20200917_182637-768x1367.jpg 768w, https:\/\/pauls-tischlerei.de\/wp-content\/uploads\/2022\/06\/IMG_20200917_182637-863x1536.jpg 863w, https:\/\/pauls-tischlerei.de\/wp-content\/uploads\/2022\/06\/IMG_20200917_182637-1151x2048.jpg 1151w, https:\/\/pauls-tischlerei.de\/wp-content\/uploads\/2022\/06\/IMG_20200917_182637-scaled.jpg 1439w\" sizes=\"(max-width: 575px) 100vw, 575px\" \/>\t\t\t\t\t\t\t\t\t\t\t<\/div>\n\t\t\t\t<\/div>\n\t\t\t\t<\/div>\n\t\t\t\t\t\t<\/div>\n\t\t\t\t\t<\/div>\n\t\t<\/div>\n\t\t\t\t<div class=\"elementor-column elementor-col-50 elementor-top-column elementor-element elementor-element-0ac111f\" data-id=\"0ac111f\" data-element_type=\"column\">\n\t\t\t<div class=\"elementor-column-wrap elementor-element-populated\">\n\t\t\t\t\t\t\t<div class=\"elementor-widget-wrap\">\n\t\t\t\t\t\t<div class=\"elementor-element elementor-element-a6ec202 elementor-widget elementor-widget-image\" data-id=\"a6ec202\" data-element_type=\"widget\" data-widget_type=\"image.default\">\n\t\t\t\t<div class=\"elementor-widget-container\">\n\t\t\t\t\t<div class=\"elementor-image\">\n\t\t\t\t\t\t\t\t\t\t<img width=\"700\" height=\"528\" src=\"https:\/\/pauls-tischlerei.de\/wp-content\/uploads\/2022\/06\/IMG_20200911_132535-1024x772.jpg\" class=\"attachment-large size-large\" alt=\"\" loading=\"lazy\" srcset=\"https:\/\/pauls-tischlerei.de\/wp-content\/uploads\/2022\/06\/IMG_20200911_132535-1024x772.jpg 1024w, https:\/\/pauls-tischlerei.de\/wp-content\/uploads\/2022\/06\/IMG_20200911_132535-300x226.jpg 300w, https:\/\/pauls-tischlerei.de\/wp-content\/uploads\/2022\/06\/IMG_20200911_132535-768x579.jpg 768w, https:\/\/pauls-tischlerei.de\/wp-content\/uploads\/2022\/06\/IMG_20200911_132535-1536x1157.jpg 1536w, https:\/\/pauls-tischlerei.de\/wp-content\/uploads\/2022\/06\/IMG_20200911_132535.jpg 2008w\" sizes=\"(max-width: 700px) 100vw, 700px\" \/>\t\t\t\t\t\t\t\t\t\t\t<\/div>\n\t\t\t\t<\/div>\n\t\t\t\t<\/div>\n\t\t\t\t\t\t<\/div>\n\t\t\t\t\t<\/div>\n\t\t<\/div>\n\t\t\t\t\t\t\t\t<\/div>\n\t\t\t\t\t<\/div>\n\t\t<\/section>\n\t\t\t\t<section class=\"elementor-section elementor-top-section elementor-element elementor-element-aeca56c elementor-section-boxed elementor-section-height-default elementor-section-height-default\" data-id=\"aeca56c\" data-element_type=\"section\">\n\t\t\t\t\t\t<div class=\"elementor-container elementor-column-gap-default\">\n\t\t\t\t\t\t\t<div class=\"elementor-row\">\n\t\t\t\t\t\t\t\t\t<\/div>\n\t\t\t\t\t<\/div>\n\t\t<\/section>\n\t\t\t\t<section class=\"elementor-section elementor-top-section elementor-element elementor-element-c6988d3 elementor-section-boxed elementor-section-height-default elementor-section-height-default\" data-id=\"c6988d3\" data-element_type=\"section\">\n\t\t\t\t\t\t<div class=\"elementor-container elementor-column-gap-default\">\n\t\t\t\t\t\t\t<div class=\"elementor-row\">\n\t\t\t\t\t<div class=\"elementor-column elementor-col-100 elementor-top-column elementor-element elementor-element-192db4b\" data-id=\"192db4b\" data-element_type=\"column\">\n\t\t\t<div class=\"elementor-column-wrap elementor-element-populated\">\n\t\t\t\t\t\t\t<div class=\"elementor-widget-wrap\">\n\t\t\t\t\t\t<div class=\"elementor-element elementor-element-14b2f84 elementor-widget elementor-widget-heading\" data-id=\"14b2f84\" data-element_type=\"widget\" data-widget_type=\"heading.default\">\n\t\t\t\t<div class=\"elementor-widget-container\">\n\t\t\t<h2 class=\"elementor-heading-title elementor-size-default\"><br>Garderobenschrank <\/h2>\t\t<\/div>\n\t\t\t\t<\/div>\n\t\t\t\t\t\t<\/div>\n\t\t\t\t\t<\/div>\n\t\t<\/div>\n\t\t\t\t\t\t\t\t<\/div>\n\t\t\t\t\t<\/div>\n\t\t<\/section>\n\t\t\t\t<section class=\"elementor-section elementor-top-section elementor-element elementor-element-bd2e39b elementor-section-boxed elementor-section-height-default elementor-section-height-default\" data-id=\"bd2e39b\" data-element_type=\"section\">\n\t\t\t\t\t\t<div class=\"elementor-container elementor-column-gap-default\">\n\t\t\t\t\t\t\t<div class=\"elementor-row\">\n\t\t\t\t\t<div class=\"elementor-column elementor-col-25 elementor-top-column elementor-element elementor-element-b85eb85\" data-id=\"b85eb85\" data-element_type=\"column\">\n\t\t\t<div class=\"elementor-column-wrap elementor-element-populated\">\n\t\t\t\t\t\t\t<div class=\"elementor-widget-wrap\">\n\t\t\t\t\t\t<div class=\"elementor-element elementor-element-aeeb542 elementor-widget elementor-widget-image\" data-id=\"aeeb542\" data-element_type=\"widget\" data-widget_type=\"image.default\">\n\t\t\t\t<div class=\"elementor-widget-container\">\n\t\t\t\t\t<div class=\"elementor-image\">\n\t\t\t\t\t\t\t\t\t\t<img width=\"602\" height=\"1024\" src=\"https:\/\/pauls-tischlerei.de\/wp-content\/uploads\/2022\/06\/IMG_20200227_124711-602x1024.jpg\" class=\"attachment-large size-large\" alt=\"\" loading=\"lazy\" srcset=\"https:\/\/pauls-tischlerei.de\/wp-content\/uploads\/2022\/06\/IMG_20200227_124711-602x1024.jpg 602w, https:\/\/pauls-tischlerei.de\/wp-content\/uploads\/2022\/06\/IMG_20200227_124711-176x300.jpg 176w, https:\/\/pauls-tischlerei.de\/wp-content\/uploads\/2022\/06\/IMG_20200227_124711-768x1306.jpg 768w, https:\/\/pauls-tischlerei.de\/wp-content\/uploads\/2022\/06\/IMG_20200227_124711-903x1536.jpg 903w, https:\/\/pauls-tischlerei.de\/wp-content\/uploads\/2022\/06\/IMG_20200227_124711-1204x2048.jpg 1204w, https:\/\/pauls-tischlerei.de\/wp-content\/uploads\/2022\/06\/IMG_20200227_124711-scaled.jpg 1506w\" sizes=\"(max-width: 602px) 100vw, 602px\" \/>\t\t\t\t\t\t\t\t\t\t\t<\/div>\n\t\t\t\t<\/div>\n\t\t\t\t<\/div>\n\t\t\t\t\t\t<\/div>\n\t\t\t\t\t<\/div>\n\t\t<\/div>\n\t\t\t\t<div class=\"elementor-column elementor-col-25 elementor-top-column elementor-element elementor-element-d8f829b\" data-id=\"d8f829b\" data-element_type=\"column\">\n\t\t\t<div class=\"elementor-column-wrap elementor-element-populated\">\n\t\t\t\t\t\t\t<div class=\"elementor-widget-wrap\">\n\t\t\t\t\t\t<div class=\"elementor-element elementor-element-a99ffec elementor-widget elementor-widget-image\" data-id=\"a99ffec\" data-element_type=\"widget\" data-widget_type=\"image.default\">\n\t\t\t\t<div class=\"elementor-widget-container\">\n\t\t\t\t\t<div class=\"elementor-image\">\n\t\t\t\t\t\t\t\t\t\t<img width=\"700\" height=\"933\" src=\"https:\/\/pauls-tischlerei.de\/wp-content\/uploads\/2022\/06\/IMG_20200227_124339-768x1024.jpg\" class=\"attachment-large size-large\" alt=\"\" loading=\"lazy\" srcset=\"https:\/\/pauls-tischlerei.de\/wp-content\/uploads\/2022\/06\/IMG_20200227_124339-768x1024.jpg 768w, https:\/\/pauls-tischlerei.de\/wp-content\/uploads\/2022\/06\/IMG_20200227_124339-225x300.jpg 225w, https:\/\/pauls-tischlerei.de\/wp-content\/uploads\/2022\/06\/IMG_20200227_124339-1152x1536.jpg 1152w, https:\/\/pauls-tischlerei.de\/wp-content\/uploads\/2022\/06\/IMG_20200227_124339-1536x2048.jpg 1536w, https:\/\/pauls-tischlerei.de\/wp-content\/uploads\/2022\/06\/IMG_20200227_124339-scaled.jpg 1920w\" sizes=\"(max-width: 700px) 100vw, 700px\" \/>\t\t\t\t\t\t\t\t\t\t\t<\/div>\n\t\t\t\t<\/div>\n\t\t\t\t<\/div>\n\t\t\t\t\t\t<\/div>\n\t\t\t\t\t<\/div>\n\t\t<\/div>\n\t\t\t\t<div class=\"elementor-column elementor-col-25 elementor-top-column elementor-element elementor-element-9d0ebff\" data-id=\"9d0ebff\" data-element_type=\"column\">\n\t\t\t<div class=\"elementor-column-wrap elementor-element-populated\">\n\t\t\t\t\t\t\t<div class=\"elementor-widget-wrap\">\n\t\t\t\t\t\t<div class=\"elementor-element elementor-element-d55160b elementor-widget elementor-widget-image\" data-id=\"d55160b\" data-element_type=\"widget\" data-widget_type=\"image.default\">\n\t\t\t\t<div class=\"elementor-widget-container\">\n\t\t\t\t\t<div class=\"elementor-image\">\n\t\t\t\t\t\t\t\t\t\t<img width=\"700\" height=\"525\" src=\"https:\/\/pauls-tischlerei.de\/wp-content\/uploads\/2022\/06\/IMG_20200227_124424-1024x768.jpg\" class=\"attachment-large size-large\" alt=\"\" loading=\"lazy\" srcset=\"https:\/\/pauls-tischlerei.de\/wp-content\/uploads\/2022\/06\/IMG_20200227_124424-1024x768.jpg 1024w, https:\/\/pauls-tischlerei.de\/wp-content\/uploads\/2022\/06\/IMG_20200227_124424-300x225.jpg 300w, https:\/\/pauls-tischlerei.de\/wp-content\/uploads\/2022\/06\/IMG_20200227_124424-768x576.jpg 768w, https:\/\/pauls-tischlerei.de\/wp-content\/uploads\/2022\/06\/IMG_20200227_124424-1536x1152.jpg 1536w, https:\/\/pauls-tischlerei.de\/wp-content\/uploads\/2022\/06\/IMG_20200227_124424-2048x1536.jpg 2048w\" sizes=\"(max-width: 700px) 100vw, 700px\" \/>\t\t\t\t\t\t\t\t\t\t\t<\/div>\n\t\t\t\t<\/div>\n\t\t\t\t<\/div>\n\t\t\t\t\t\t<\/div>\n\t\t\t\t\t<\/div>\n\t\t<\/div>\n\t\t\t\t<div class=\"elementor-column elementor-col-25 elementor-top-column elementor-element elementor-element-25f070c\" data-id=\"25f070c\" data-element_type=\"column\">\n\t\t\t<div class=\"elementor-column-wrap elementor-element-populated\">\n\t\t\t\t\t\t\t<div class=\"elementor-widget-wrap\">\n\t\t\t\t\t\t<div class=\"elementor-element elementor-element-f3c7708 elementor-widget elementor-widget-image\" data-id=\"f3c7708\" data-element_type=\"widget\" data-widget_type=\"image.default\">\n\t\t\t\t<div class=\"elementor-widget-container\">\n\t\t\t\t\t<div class=\"elementor-image\">\n\t\t\t\t\t\t\t\t\t\t<img width=\"700\" height=\"933\" src=\"https:\/\/pauls-tischlerei.de\/wp-content\/uploads\/2022\/06\/IMG_20200226_154734_BURST2-768x1024.jpg\" class=\"attachment-large size-large\" alt=\"\" loading=\"lazy\" srcset=\"https:\/\/pauls-tischlerei.de\/wp-content\/uploads\/2022\/06\/IMG_20200226_154734_BURST2-768x1024.jpg 768w, https:\/\/pauls-tischlerei.de\/wp-content\/uploads\/2022\/06\/IMG_20200226_154734_BURST2-225x300.jpg 225w, https:\/\/pauls-tischlerei.de\/wp-content\/uploads\/2022\/06\/IMG_20200226_154734_BURST2-1152x1536.jpg 1152w, https:\/\/pauls-tischlerei.de\/wp-content\/uploads\/2022\/06\/IMG_20200226_154734_BURST2-1536x2048.jpg 1536w, https:\/\/pauls-tischlerei.de\/wp-content\/uploads\/2022\/06\/IMG_20200226_154734_BURST2-scaled.jpg 1920w\" sizes=\"(max-width: 700px) 100vw, 700px\" \/>\t\t\t\t\t\t\t\t\t\t\t<\/div>\n\t\t\t\t<\/div>\n\t\t\t\t<\/div>\n\t\t\t\t\t\t<\/div>\n\t\t\t\t\t<\/div>\n\t\t<\/div>\n\t\t\t\t\t\t\t\t<\/div>\n\t\t\t\t\t<\/div>\n\t\t<\/section>\n\t\t\t\t<section class=\"elementor-section elementor-top-section elementor-element elementor-element-fc59095 elementor-section-boxed elementor-section-height-default elementor-section-height-default\" data-id=\"fc59095\" data-element_type=\"section\">\n\t\t\t\t\t\t<div class=\"elementor-container elementor-column-gap-default\">\n\t\t\t\t\t\t\t<div class=\"elementor-row\">\n\t\t\t\t\t<div class=\"elementor-column elementor-col-100 elementor-top-column elementor-element elementor-element-31eba19\" data-id=\"31eba19\" data-element_type=\"column\">\n\t\t\t<div class=\"elementor-column-wrap elementor-element-populated\">\n\t\t\t\t\t\t\t<div class=\"elementor-widget-wrap\">\n\t\t\t\t\t\t<div class=\"elementor-element elementor-element-6a5debe elementor-widget elementor-widget-heading\" data-id=\"6a5debe\" data-element_type=\"widget\" data-widget_type=\"heading.default\">\n\t\t\t\t<div class=\"elementor-widget-container\">\n\t\t\t<h2 class=\"elementor-heading-title elementor-size-default\">Weitere Bilder finden Sie auf unseren Social Media Kan\u00e4len :<\/h2>\t\t<\/div>\n\t\t\t\t<\/div>\n\t\t\t\t\t\t<\/div>\n\t\t\t\t\t<\/div>\n\t\t<\/div>\n\t\t\t\t\t\t\t\t<\/div>\n\t\t\t\t\t<\/div>\n\t\t<\/section>\n\t\t\t\t<section class=\"elementor-section elementor-top-section elementor-element elementor-element-dd3b966 elementor-section-boxed elementor-section-height-default elementor-section-height-default\" data-id=\"dd3b966\" data-element_type=\"section\">\n\t\t\t\t\t\t<div class=\"elementor-container elementor-column-gap-default\">\n\t\t\t\t\t\t\t<div class=\"elementor-row\">\n\t\t\t\t\t\t\t\t\t<\/div>\n\t\t\t\t\t<\/div>\n\t\t<\/section>\n\t\t\t\t<section class=\"elementor-section elementor-top-section elementor-element elementor-element-2cfc5f2 elementor-section-boxed elementor-section-height-default elementor-section-height-default\" data-id=\"2cfc5f2\" data-element_type=\"section\">\n\t\t\t\t\t\t<div class=\"elementor-container elementor-column-gap-default\">\n\t\t\t\t\t\t\t<div class=\"elementor-row\">\n\t\t\t\t\t\t\t\t\t<\/div>\n\t\t\t\t\t<\/div>\n\t\t<\/section>\n\t\t\t\t<section class=\"elementor-section elementor-top-section elementor-element elementor-element-6a7c5e8 elementor-section-boxed elementor-section-height-default elementor-section-height-default\" data-id=\"6a7c5e8\" data-element_type=\"section\">\n\t\t\t\t\t\t<div class=\"elementor-container elementor-column-gap-default\">\n\t\t\t\t\t\t\t<div class=\"elementor-row\">\n\t\t\t\t\t<div class=\"elementor-column elementor-col-100 elementor-top-column elementor-element elementor-element-fba471f\" data-id=\"fba471f\" data-element_type=\"column\">\n\t\t\t<div class=\"elementor-column-wrap elementor-element-populated\">\n\t\t\t\t\t\t\t<div class=\"elementor-widget-wrap\">\n\t\t\t\t\t\t<div class=\"elementor-element elementor-element-6c4bd92 elementor-shape-rounded elementor-grid-0 elementor-widget elementor-widget-social-icons\" data-id=\"6c4bd92\" data-element_type=\"widget\" data-widget_type=\"social-icons.default\">\n\t\t\t\t<div class=\"elementor-widget-container\">\n\t\t\t\t\t<div class=\"elementor-social-icons-wrapper elementor-grid\">\n\t\t\t\t\t\t\t<div class=\"elementor-grid-item\">\n\t\t\t\t\t<a class=\"elementor-icon elementor-social-icon elementor-social-icon-facebook elementor-repeater-item-28b5445\" href=\"https:\/\/www.facebook.com\/paul.druschinez\" target=\"_blank\">\n\t\t\t\t\t\t<span class=\"elementor-screen-only\">Facebook<\/span>\n\t\t\t\t\t\t\t\t\t\t\t\t\t<i class=\"fa fa-facebook\"><\/i>\n\t\t\t\t\t\t\t\t\t\t\t<\/a>\n\t\t\t\t<\/div>\n\t\t\t\t\t\t\t<div class=\"elementor-grid-item\">\n\t\t\t\t\t<a class=\"elementor-icon elementor-social-icon elementor-social-icon-twitter elementor-repeater-item-d15d46d\" href=\"https:\/\/www.instagram.com\/paulstischlerei\/\" target=\"_blank\">\n\t\t\t\t\t\t<span class=\"elementor-screen-only\">Twitter<\/span>\n\t\t\t\t\t\t\t\t\t\t\t\t\t<i class=\"fa fa-twitter\"><\/i>\n\t\t\t\t\t\t\t\t\t\t\t<\/a>\n\t\t\t\t<\/div>\n\t\t\t\t\t<\/div>\n\t\t\t\t<\/div>\n\t\t\t\t<\/div>\n\t\t\t\t\t\t<\/div>\n\t\t\t\t\t<\/div>\n\t\t<\/div>\n\t\t\t\t\t\t\t\t<\/div>\n\t\t\t\t\t<\/div>\n\t\t<\/section>\n\t\t\t\t<section class=\"elementor-section elementor-top-section elementor-element elementor-element-8b9e9fd elementor-section-boxed elementor-section-height-default elementor-section-height-default\" data-id=\"8b9e9fd\" data-element_type=\"section\">\n\t\t\t\t\t\t<div class=\"elementor-container elementor-column-gap-default\">\n\t\t\t\t\t\t\t<div class=\"elementor-row\">\n\t\t\t\t\t<div class=\"elementor-column elementor-col-100 elementor-top-column elementor-element elementor-element-f67f60f\" data-id=\"f67f60f\" data-element_type=\"column\">\n\t\t\t<div class=\"elementor-column-wrap elementor-element-populated\">\n\t\t\t\t\t\t\t<div class=\"elementor-widget-wrap\">\n\t\t\t\t\t\t<div class=\"elementor-element elementor-element-7315cc1 elementor-widget elementor-widget-image\" data-id=\"7315cc1\" data-element_type=\"widget\" data-widget_type=\"image.default\">\n\t\t\t\t<div class=\"elementor-widget-container\">\n\t\t\t\t\t<div class=\"elementor-image\">\n\t\t\t\t\t\t\t\t\t\t<img width=\"668\" height=\"619\" src=\"https:\/\/pauls-tischlerei.de\/wp-content\/uploads\/2018\/10\/Logo-wei\u00df.jpg\" class=\"attachment-large size-large\" alt=\"\" loading=\"lazy\" srcset=\"https:\/\/pauls-tischlerei.de\/wp-content\/uploads\/2018\/10\/Logo-wei\u00df.jpg 668w, https:\/\/pauls-tischlerei.de\/wp-content\/uploads\/2018\/10\/Logo-wei\u00df-300x278.jpg 300w\" sizes=\"(max-width: 668px) 100vw, 668px\" \/>\t\t\t\t\t\t\t\t\t\t\t<\/div>\n\t\t\t\t<\/div>\n\t\t\t\t<\/div>\n\t\t\t\t\t\t<\/div>\n\t\t\t\t\t<\/div>\n\t\t<\/div>\n\t\t\t\t\t\t\t\t<\/div>\n\t\t\t\t\t<\/div>\n\t\t<\/section>\n\t\t\t\t\t\t<\/div>\n\t\t\t\t\t\t<\/div>\n\t\t\t\t\t<\/div>\n\t\t","protected":false},"excerpt":{"rendered":"<p>K\u00fcche Zur\u00fcck Weiter Badezimmer Garderobenschrank Weitere Bilder finden Sie auf unseren Social Media Kan\u00e4len : Facebook Twitter<\/p>\n","protected":false},"author":2,"featured_media":248,"parent":0,"menu_order":0,"comment_status":"closed","ping_status":"closed","template":"","meta":[],"_links":{"self":[{"href":"https:\/\/pauls-tischlerei.de\/index.php?rest_route=\/wp\/v2\/pages\/47"}],"collection":[{"href":"https:\/\/pauls-tischlerei.de\/index.php?rest_route=\/wp\/v2\/pages"}],"about":[{"href":"https:\/\/pauls-tischlerei.de\/index.php?rest_route=\/wp\/v2\/types\/page"}],"author":[{"embeddable":true,"href":"https:\/\/pauls-tischlerei.de\/index.php?rest_route=\/wp\/v2\/users\/2"}],"replies":[{"embeddable":true,"href":"https:\/\/pauls-tischlerei.de\/index.php?rest_route=%2Fwp%2Fv2%2Fcomments&post=47"}],"version-history":[{"count":27,"href":"https:\/\/pauls-tischlerei.de\/index.php?rest_route=\/wp\/v2\/pages\/47\/revisions"}],"predecessor-version":[{"id":279,"href":"https:\/\/pauls-tischlerei.de\/index.php?rest_route=\/wp\/v2\/pages\/47\/revisions\/279"}],"wp:featuredmedia":[{"embeddable":true,"href":"https:\/\/pauls-tischlerei.de\/index.php?rest_route=\/wp\/v2\/media\/248"}],"wp:attachment":[{"href":"https:\/\/pauls-tischlerei.de\/index.php?rest_route=%2Fwp%2Fv2%2Fmedia&parent=47"}],"curies":[{"name":"wp","href":"https:\/\/api.w.org\/{rel}","templated":true}]}}