{"id":180,"date":"2019-02-16T16:10:41","date_gmt":"2019-02-16T16:10:41","guid":{"rendered":"http:\/\/pauls-tischlerei.de\/?page_id=180"},"modified":"2019-12-27T19:21:53","modified_gmt":"2019-12-27T19:21:53","slug":"datenschutz","status":"publish","type":"page","link":"https:\/\/pauls-tischlerei.de\/?page_id=180","title":{"rendered":"Datenschutz"},"content":{"rendered":"\t\t<div data-elementor-type=\"wp-post\" data-elementor-id=\"180\" class=\"elementor elementor-180\" data-elementor-settings=\"[]\">\n\t\t\t\t\t\t<div class=\"elementor-inner\">\n\t\t\t\t\t\t\t<div class=\"elementor-section-wrap\">\n\t\t\t\t\t\t\t<section class=\"elementor-section elementor-top-section elementor-element elementor-element-dfadb9a elementor-section-boxed elementor-section-height-default elementor-section-height-default\" data-id=\"dfadb9a\" data-element_type=\"section\">\n\t\t\t\t\t\t<div class=\"elementor-container elementor-column-gap-default\">\n\t\t\t\t\t\t\t<div class=\"elementor-row\">\n\t\t\t\t\t<div class=\"elementor-column elementor-col-100 elementor-top-column elementor-element elementor-element-a051938\" data-id=\"a051938\" data-element_type=\"column\">\n\t\t\t<div class=\"elementor-column-wrap elementor-element-populated\">\n\t\t\t\t\t\t\t<div class=\"elementor-widget-wrap\">\n\t\t\t\t\t\t<div class=\"elementor-element elementor-element-3c35f68 elementor-widget elementor-widget-text-editor\" data-id=\"3c35f68\" data-element_type=\"widget\" data-widget_type=\"text-editor.default\">\n\t\t\t\t<div class=\"elementor-widget-container\">\n\t\t\t\t\t<div class=\"elementor-text-editor elementor-clearfix\"><p><b style=\"font-size: 20px;\"><span style=\"font-size: 15pt; font-family: Arial, sans-serif; padding: 0cm; border: 1pt none windowtext;\">Erhebung \/ Speicherung personenbezogener Daten sowie Art \/ Zweck der Verwendung<\/span><\/b><\/p>\n<p style=\"margin-bottom: 0.0001pt; line-height: normal; background-image: initial; background-position: initial; background-size: initial; background-repeat: initial; background-attachment: initial; background-origin: initial; background-clip: initial;\"><span style=\"font-family: Arial, sans-serif; font-size: 15pt;\">Wir nehmen den Schutz Ihrer pers\u00f6nlichen Daten sehr ernst und verarbeiten personenbezogene Daten auf dieser Webseite nur im technisch notwendigen Umfang oder wenn Sie uns Ihre Daten \u00fcber einen Kommunikationskanal zur Verf\u00fcgung stellen.<\/span><\/p>\n<p style=\"margin-bottom: 0.0001pt; line-height: normal; background-image: initial; background-position: initial; background-size: initial; background-repeat: initial; background-attachment: initial; background-origin: initial; background-clip: initial;\"><span style=\"font-family: Arial, sans-serif; font-size: 15pt;\">In keinem Fall werden diese verarbeiteten Daten verkauft. Eine Weitergabe der Daten an Dritte findet nur statt, wenn<\/span><\/p>\n<p style=\"margin-bottom: 0.0001pt; line-height: normal; background-image: initial; background-position: initial; background-size: initial; background-repeat: initial; background-attachment: initial; background-origin: initial; background-clip: initial;\"><span style=\"font-size: 15pt; font-family: Arial, sans-serif;\">&nbsp;<\/span><\/p>\n<p style=\"margin: 0cm 0cm 0.0001pt 15pt; text-indent: -18pt; line-height: normal; background-image: initial; background-position: initial; background-size: initial; background-repeat: initial; background-attachment: initial; background-origin: initial; background-clip: initial;\"><!-- [if !supportLists]--><span style=\"font-size: 10pt; font-family: Symbol;\">\u00b7<span style=\"font-variant: normal; font-weight: normal; font-stretch: normal; font-size: 7pt; line-height: normal; font-family: 'Times New Roman';\">&nbsp;&nbsp;&nbsp;&nbsp;&nbsp;&nbsp;&nbsp;&nbsp; <\/span><\/span><!--[endif]--><span style=\"font-size: 15pt; font-family: Arial, sans-serif;\">Sie Ihre ausdr\u00fcckliche Einwilligung dazu erteilt haben,<\/span><\/p>\n<p style=\"margin: 0cm 0cm 0.0001pt 15pt; text-indent: -18pt; line-height: normal; background-image: initial; background-position: initial; background-size: initial; background-repeat: initial; background-attachment: initial; background-origin: initial; background-clip: initial;\"><!-- [if !supportLists]--><span style=\"font-size: 10pt; font-family: Symbol;\">\u00b7<span style=\"font-variant: normal; font-weight: normal; font-stretch: normal; font-size: 7pt; line-height: normal; font-family: 'Times New Roman';\">&nbsp;&nbsp;&nbsp;&nbsp;&nbsp;&nbsp;&nbsp;&nbsp; <\/span><\/span><!--[endif]--><span style=\"font-size: 15pt; font-family: Arial, sans-serif;\">die Verarbeitung zur Abwicklung eines Vertrags mit Ihnen erforderlich ist,<\/span><\/p>\n<p style=\"margin: 0cm 0cm 0.0001pt 15pt; text-indent: -18pt; line-height: normal; background-image: initial; background-position: initial; background-size: initial; background-repeat: initial; background-attachment: initial; background-origin: initial; background-clip: initial;\"><!-- [if !supportLists]--><span style=\"font-size: 10pt; font-family: Symbol;\">\u00b7<span style=\"font-variant: normal; font-weight: normal; font-stretch: normal; font-size: 7pt; line-height: normal; font-family: 'Times New Roman';\">&nbsp;&nbsp;&nbsp;&nbsp;&nbsp;&nbsp;&nbsp;&nbsp; <\/span><\/span><!--[endif]--><span style=\"font-size: 15pt; font-family: Arial, sans-serif;\">die Verarbeitung zur Erf\u00fcllung einer rechtlichen Verpflichtung erforderlich ist,<\/span><\/p>\n<p style=\"margin: 0cm 0cm 0.0001pt 15pt; text-indent: -18pt; line-height: normal; background-image: initial; background-position: initial; background-size: initial; background-repeat: initial; background-attachment: initial; background-origin: initial; background-clip: initial;\"><!-- [if !supportLists]--><span style=\"font-size: 10pt; font-family: Symbol;\">\u00b7<span style=\"font-variant: normal; font-weight: normal; font-stretch: normal; font-size: 7pt; line-height: normal; font-family: 'Times New Roman';\">&nbsp;&nbsp;&nbsp;&nbsp;&nbsp;&nbsp;&nbsp;&nbsp; <\/span><\/span><!--[endif]--><span style=\"font-size: 15pt; font-family: Arial, sans-serif;\">die Verarbeitung zur Wahrung berechtigter Interessen erforderlich ist und kein Grund zur Annahme besteht, dass Sie ein \u00fcberwiegendes schutzw\u00fcrdiges Interesse an der Nichtweitergabe der Daten haben.<\/span><\/p>\n<p style=\"margin: 0cm 0cm 0.0001pt 15pt; text-indent: -18pt; line-height: normal; background-image: initial; background-position: initial; background-size: initial; background-repeat: initial; background-attachment: initial; background-origin: initial; background-clip: initial;\"><span style=\"font-size: 15pt; font-family: Arial, sans-serif;\">&nbsp;<\/span><\/p>\n<p style=\"margin-bottom: 15pt; line-height: normal; background-image: initial; background-position: initial; background-size: initial; background-repeat: initial; background-attachment: initial; background-origin: initial; background-clip: initial;\"><span style=\"font-size: 15pt; font-family: Arial, sans-serif;\">F\u00fcr den Betrieb unserer Webseite setzen wir Auftragsverarbeiter ein, die vertraglich auf die Einhaltung der datenschutzrechtlichen Anforderungen verpflichtet sind.<\/span><\/p>\n<p style=\"margin-bottom: 15pt; line-height: normal; background-image: initial; background-position: initial; background-size: initial; background-repeat: initial; background-attachment: initial; background-origin: initial; background-clip: initial;\"><span style=\"font-size: 15pt; font-family: Arial, sans-serif;\">Folgende personenbeziehbare Daten k\u00f6nnen durch Ihren Browser \u00fcbermittelt und somit automatisch auf unserem Webserver gespeichert werden:<\/span><\/p>\n<p style=\"margin: 0cm 0cm 0.0001pt 15pt; text-indent: -18pt; line-height: normal; background-image: initial; background-position: initial; background-size: initial; background-repeat: initial; background-attachment: initial; background-origin: initial; background-clip: initial;\"><!-- [if !supportLists]--><span style=\"font-size: 10pt; font-family: Symbol;\">\u00b7<span style=\"font-variant: normal; font-weight: normal; font-stretch: normal; font-size: 7pt; line-height: normal; font-family: 'Times New Roman';\">&nbsp;&nbsp;&nbsp;&nbsp;&nbsp;&nbsp;&nbsp;&nbsp; <\/span><\/span><!--[endif]--><span style=\"font-size: 15pt; font-family: Arial, sans-serif;\">Browsertyp\/-version<\/span><\/p>\n<p style=\"margin: 0cm 0cm 0.0001pt 15pt; text-indent: -18pt; line-height: normal; background-image: initial; background-position: initial; background-size: initial; background-repeat: initial; background-attachment: initial; background-origin: initial; background-clip: initial;\"><!-- [if !supportLists]--><span style=\"font-size: 10pt; font-family: Symbol;\">\u00b7<span style=\"font-variant: normal; font-weight: normal; font-stretch: normal; font-size: 7pt; line-height: normal; font-family: 'Times New Roman';\">&nbsp;&nbsp;&nbsp;&nbsp;&nbsp;&nbsp;&nbsp;&nbsp; <\/span><\/span><!--[endif]--><span style=\"font-size: 15pt; font-family: Arial, sans-serif;\">Verwendetes Betriebssystem<\/span><\/p>\n<p style=\"margin: 0cm 0cm 0.0001pt 15pt; text-indent: -18pt; line-height: normal; background-image: initial; background-position: initial; background-size: initial; background-repeat: initial; background-attachment: initial; background-origin: initial; background-clip: initial;\"><!-- [if !supportLists]--><span style=\"font-size: 10pt; font-family: Symbol;\">\u00b7<span style=\"font-variant: normal; font-weight: normal; font-stretch: normal; font-size: 7pt; line-height: normal; font-family: 'Times New Roman';\">&nbsp;&nbsp;&nbsp;&nbsp;&nbsp;&nbsp;&nbsp;&nbsp; <\/span><\/span><!--[endif]--><span style=\"font-size: 15pt; font-family: Arial, sans-serif;\">Referrer URL (die zuvor besuchte Seite)<\/span><\/p>\n<p style=\"margin: 0cm 0cm 0.0001pt 15pt; text-indent: -18pt; line-height: normal; background-image: initial; background-position: initial; background-size: initial; background-repeat: initial; background-attachment: initial; background-origin: initial; background-clip: initial;\"><!-- [if !supportLists]--><span style=\"font-size: 10pt; font-family: Symbol;\">\u00b7<span style=\"font-variant: normal; font-weight: normal; font-stretch: normal; font-size: 7pt; line-height: normal; font-family: 'Times New Roman';\">&nbsp;&nbsp;&nbsp;&nbsp;&nbsp;&nbsp;&nbsp;&nbsp; <\/span><\/span><!--[endif]--><span style=\"font-size: 15pt; font-family: Arial, sans-serif;\">Hostname des zugreifenden Rechners (IP-Adresse)<\/span><\/p>\n<p style=\"margin: 0cm 0cm 0.0001pt 15pt; line-height: normal; background-image: initial; background-position: initial; background-size: initial; background-repeat: initial; background-attachment: initial; background-origin: initial; background-clip: initial;\"><span style=\"font-size: 15pt; font-family: Arial, sans-serif;\">&nbsp;<\/span><\/p>\n<p style=\"margin-bottom: 0.0001pt; line-height: normal; background-image: initial; background-position: initial; background-size: initial; background-repeat: initial; background-attachment: initial; background-origin: initial; background-clip: initial;\"><span style=\"font-size: 15pt; font-family: Arial, sans-serif; padding: 0cm; border: 1pt none windowtext;\">Die IP-Adresse des Webseiten-Besuchers wird technisch bedingt f\u00fcr die Dauer der Verbindung zwischengespeichert, um eine Verbindung zwischen Besucher und Webseite zu erm\u00f6glichen.<\/span><\/p>\n<p style=\"margin-bottom: 0.0001pt; line-height: normal; background-image: initial; background-position: initial; background-size: initial; background-repeat: initial; background-attachment: initial; background-origin: initial; background-clip: initial;\"><span style=\"font-size: 15pt; font-family: Arial, sans-serif; padding: 0cm; border: 1pt none windowtext;\">&nbsp;<\/span><\/p>\n<p style=\"margin-bottom: 15pt; line-height: normal; background-image: initial; background-position: initial; background-size: initial; background-repeat: initial; background-attachment: initial; background-origin: initial; background-clip: initial;\"><span style=\"font-size: 15pt; font-family: Arial, sans-serif;\">Die genannten Daten werden durch uns zu folgenden Zwecken verarbeitet:<\/span><\/p>\n<p style=\"margin: 0cm 0cm 0.0001pt 15pt; text-indent: -18pt; line-height: normal; background-image: initial; background-position: initial; background-size: initial; background-repeat: initial; background-attachment: initial; background-origin: initial; background-clip: initial;\"><!-- [if !supportLists]--><span style=\"font-size: 10pt; font-family: Symbol;\">\u00b7<span style=\"font-variant: normal; font-weight: normal; font-stretch: normal; font-size: 7pt; line-height: normal; font-family: 'Times New Roman';\">&nbsp;&nbsp;&nbsp;&nbsp;&nbsp;&nbsp;&nbsp;&nbsp; <\/span><\/span><!--[endif]--><span style=\"font-size: 15pt; font-family: Arial, sans-serif;\">Gew\u00e4hrleistung eines reibungslosen Verbindungsaufbaus der Webseite<\/span><\/p>\n<p style=\"margin: 0cm 0cm 0.0001pt 15pt; text-indent: -18pt; line-height: normal; background-image: initial; background-position: initial; background-size: initial; background-repeat: initial; background-attachment: initial; background-origin: initial; background-clip: initial;\"><!-- [if !supportLists]--><span style=\"font-size: 10pt; font-family: Symbol;\">\u00b7<span style=\"font-variant: normal; font-weight: normal; font-stretch: normal; font-size: 7pt; line-height: normal; font-family: 'Times New Roman';\">&nbsp;&nbsp;&nbsp;&nbsp;&nbsp;&nbsp;&nbsp;&nbsp; <\/span><\/span><!--[endif]--><span style=\"font-size: 15pt; font-family: Arial, sans-serif; padding: 0cm; border: 1pt none windowtext;\">Gew\u00e4hrleistung einer komfortablen Nutzung unserer Webseite<\/span><\/p>\n<p style=\"margin: 0cm 0cm 0.0001pt 15pt; text-indent: -18pt; line-height: normal; background-image: initial; background-position: initial; background-size: initial; background-repeat: initial; background-attachment: initial; background-origin: initial; background-clip: initial;\"><!-- [if !supportLists]--><span style=\"font-size: 10pt; font-family: Symbol;\">\u00b7<span style=\"font-variant: normal; font-weight: normal; font-stretch: normal; font-size: 7pt; line-height: normal; font-family: 'Times New Roman';\">&nbsp;&nbsp;&nbsp;&nbsp;&nbsp;&nbsp;&nbsp;&nbsp; <\/span><\/span><!--[endif]--><span style=\"font-size: 15pt; font-family: Arial, sans-serif; padding: 0cm; border: 1pt none windowtext;\">Auswertung der Systemsicherheit und -stabilit\u00e4t sowie zu weiteren administrativen Zwecken.<\/span><\/p>\n<p style=\"margin: 0cm 0cm 0.0001pt 15pt; text-indent: -18pt; line-height: normal; background-image: initial; background-position: initial; background-size: initial; background-repeat: initial; background-attachment: initial; background-origin: initial; background-clip: initial;\"><span style=\"font-size: 15pt; font-family: Arial, sans-serif; padding: 0cm; border: 1pt none windowtext;\">&nbsp;<\/span><\/p>\n<p style=\"margin: 0cm 0cm 0.0001pt -3pt; line-height: normal; background-image: initial; background-position: initial; background-size: initial; background-repeat: initial; background-attachment: initial; background-origin: initial; background-clip: initial;\"><span style=\"font-size: 20px;\">Die Rechtsgrundlage f\u00fcr die Datenverarbeitung ist Art. 6 Abs. 1 f DSGVO. Unser berechtigtes Interesse folgt aus oben aufgelisteten Zwecken zur Datenerhebung. In keinem Fall verwenden wir die erhobenen Daten zu dem Zweck, R\u00fcckschl\u00fcsse auf Ihre Person zu ziehen.&nbsp;<\/span><span style=\"font-size: 15pt; font-family: Arial, sans-serif;\">Auch eine Zusammenf\u00fchrung dieser Daten mit anderen Datenquellen wird nicht vorgenommen.<\/span><\/p>\n<p><\/p>\n<p style=\"margin: 0cm 0cm 0.0001pt -3pt; line-height: normal; background-image: initial; background-position: initial; background-size: initial; background-repeat: initial; background-attachment: initial; background-origin: initial; background-clip: initial;\"><span style=\"font-family: Arial, sans-serif; font-size: 15pt;\">Wir halten uns an die Grunds\u00e4tze der Datenvermeidung und Datensparsamkeit. Wir speichern Ihre personenbezogenen Daten daher nur so lange, wie dies zur Erreichung der hier genannten Zwecke erforderlich ist oder wie es die vom Gesetzgeber vorgesehenen vielf\u00e4ltigen Speicherfristen vorsehen. Nach Wegfall des jeweiligen Zwecks bzw. Ablauf dieser Fristen, werden die entsprechenden Daten routinem\u00e4\u00dfig und entsprechend den gesetzlichen Vorschriften gesperrt oder gel\u00f6scht.<\/span><\/p>\n<p style=\"margin: 0cm 0cm 0.0001pt -3pt; line-height: normal; background-image: initial; background-position: initial; background-size: initial; background-repeat: initial; background-attachment: initial; background-origin: initial; background-clip: initial;\"><span style=\"font-family: Arial, sans-serif; font-size: 15pt;\"><br><\/span><\/p>\n<p style=\"margin-bottom: 15pt; line-height: normal; background-image: initial; background-position: initial; background-size: initial; background-repeat: initial; background-attachment: initial; background-origin: initial; background-clip: initial;\"><span style=\"font-size: 15pt; font-family: Arial, sans-serif;\">Falls Sie Kontakt zu uns \u00fcber unsere bereitgestellten Kommunikationskan\u00e4le aufnehmen und uns dort personenbezogene Daten \u00fcber sich preisgeben, werden diese nur zu dem Zweck der Beantwortung Ihrer Frage\/Ihres Anliegen verarbeitet.<br>Ihre hierdurch \u00fcbermittelten Daten werden nach abschlie\u00dfender Bearbeitung Ihrer Anfrage gel\u00f6scht. Dies ist der Fall, wenn sich aus den Umst\u00e4nden entnehmen l\u00e4sst, dass der betroffene Sachverhalt abschlie\u00dfend gekl\u00e4rt ist und sofern keine gesetzlichen Aufbewahrungspflichten entgegenstehen.<\/span><\/p>\n<p style=\"margin-bottom: 0.0001pt; line-height: normal; background-image: initial; background-position: initial; background-size: initial; background-repeat: initial; background-attachment: initial; background-origin: initial; background-clip: initial;\"><b><span style=\"font-size: 15pt; font-family: Arial, sans-serif; padding: 0cm; border: 1pt none windowtext;\">Ihre Rechte<\/span><\/b><\/p>\n<p style=\"margin-bottom: 0.0001pt; line-height: normal; background-image: initial; background-position: initial; background-size: initial; background-repeat: initial; background-attachment: initial; background-origin: initial; background-clip: initial;\"><span style=\"font-size: 15pt; font-family: Arial, sans-serif;\"><br>Sie haben ein Recht auf Auskunft, Berichtigung, Einschr\u00e4nkung, L\u00f6schung, Daten\u00fcbertragbarkeit und Widerspruch bez\u00fcglich der von uns verarbeiteten personenbezogenen Daten.<\/span><\/p>\n<p style=\"margin-bottom: 0.0001pt; line-height: normal; background-image: initial; background-position: initial; background-size: initial; background-repeat: initial; background-attachment: initial; background-origin: initial; background-clip: initial;\"><span style=\"font-size: 15pt; font-family: Arial, sans-serif;\">&nbsp;<\/span><\/p>\n<p style=\"margin-bottom: 0.0001pt; line-height: normal; background-image: initial; background-position: initial; background-size: initial; background-repeat: initial; background-attachment: initial; background-origin: initial; background-clip: initial;\"><b><span style=\"font-size: 15pt; font-family: Arial, sans-serif; padding: 0cm; border: 1pt none windowtext;\">Widerspruchsrecht<\/span><\/b><\/p>\n<p style=\"margin-bottom: 0.0001pt; line-height: normal; background-image: initial; background-position: initial; background-size: initial; background-repeat: initial; background-attachment: initial; background-origin: initial; background-clip: initial;\"><span style=\"font-size: 15pt; font-family: Arial, sans-serif;\">&nbsp;<\/span><\/p>\n<p style=\"margin-bottom: 15pt; line-height: normal; background-image: initial; background-position: initial; background-size: initial; background-repeat: initial; background-attachment: initial; background-origin: initial; background-clip: initial;\"><span style=\"font-size: 15pt; font-family: Arial, sans-serif;\">Sofern Ihre personenbezogenen Daten auf Grundlage von berechtigten Interessen gem\u00e4\u00df Art. 6 Abs. 1 f DSGVO verarbeitet werden, haben Sie gem\u00e4\u00df Art. 21 DSGVO das Recht, Widerspruch gegen die Verarbeitung Ihrer personenbezogenen Daten einzulegen, soweit daf\u00fcr Gr\u00fcnde vorliegen, die sich aus Ihrer besonderen Situation ergeben oder sich der Widerspruch gegen Direktwerbung richtet. Im letzteren Fall haben Sie ein generelles Widerspruchsrecht, das ohne Angabe einer besonderen Situation von uns umgesetzt wird.<\/span><\/p>\n<p style=\"margin-bottom: 0.0001pt; line-height: normal; background-image: initial; background-position: initial; background-size: initial; background-repeat: initial; background-attachment: initial; background-origin: initial; background-clip: initial;\"><span style=\"font-size: 15pt; font-family: Arial, sans-serif;\">M\u00f6chten Sie von Ihrem Widerrufs- oder Widerspruchsrecht Gebrauch machen, gen\u00fcgt eine E-Mail an:&nbsp;<u><span style=\"padding: 0cm; border: 1pt none windowtext;\"><a href=\"mailto:info@pauls-tischlerei.de\">info@pauls-tischlerei.de<\/a><\/span><\/u><\/span><\/p>\n<p style=\"margin-bottom: 0.0001pt; line-height: normal; background-image: initial; background-position: initial; background-size: initial; background-repeat: initial; background-attachment: initial; background-origin: initial; background-clip: initial;\"><span style=\"font-size: 15pt; font-family: Arial, sans-serif;\">&nbsp;<\/span><\/p>\n<p style=\"margin-bottom: 0.0001pt; line-height: normal; background-image: initial; background-position: initial; background-size: initial; background-repeat: initial; background-attachment: initial; background-origin: initial; background-clip: initial;\"><b><span style=\"font-size: 15pt; font-family: Arial, sans-serif; padding: 0cm; border: 1pt none windowtext;\">Aufsichtsbeh\u00f6rde<\/span><\/b><\/p>\n<p style=\"margin-bottom: 0.0001pt; line-height: normal; background-image: initial; background-position: initial; background-size: initial; background-repeat: initial; background-attachment: initial; background-origin: initial; background-clip: initial;\"><span style=\"font-size: 15pt; font-family: Arial, sans-serif;\">&nbsp;<\/span><\/p>\n<p style=\"margin-bottom: 0.0001pt; line-height: normal; background-image: initial; background-position: initial; background-size: initial; background-repeat: initial; background-attachment: initial; background-origin: initial; background-clip: initial;\"><span style=\"font-size: 15pt; font-family: Arial, sans-serif; padding: 0cm; border: 1pt none windowtext;\">Sie haben gem\u00e4\u00df Art. 77 DSGVO das Recht sich bei einer Aufsichtsbeh\u00f6rde zu beschweren. In der Regel k\u00f6nnen Sie sich hierf\u00fcr an die Aufsichtsbeh\u00f6rde Ihres Bundeslandes wenden.<\/span><\/p>\n<p style=\"margin-bottom: 0.0001pt; line-height: normal; background-image: initial; background-position: initial; background-size: initial; background-repeat: initial; background-attachment: initial; background-origin: initial; background-clip: initial;\"><span style=\"font-size: 15pt; font-family: Arial, sans-serif;\">&nbsp;<\/span><\/p>\n<p style=\"margin-bottom: 0.0001pt; line-height: normal; background-image: initial; background-position: initial; background-size: initial; background-repeat: initial; background-attachment: initial; background-origin: initial; background-clip: initial;\"><b><span style=\"font-size: 15pt; font-family: Arial, sans-serif; padding: 0cm; border: 1pt none windowtext;\">Weitere Informationen<\/span><\/b><\/p>\n<p style=\"margin-bottom: 0.0001pt; line-height: normal; background-image: initial; background-position: initial; background-size: initial; background-repeat: initial; background-attachment: initial; background-origin: initial; background-clip: initial;\"><span style=\"font-size: 15pt; font-family: Arial, sans-serif;\"><br>Wir behalten uns vor, diese Datenschutzerkl\u00e4rung anzupassen, damit sie stets den aktuellen rechtlichen Anforderungen entspricht oder um \u00c4nderungen unserer Leistungen in der Datenschutzerkl\u00e4rung umzusetzen, z. B. bei der Einf\u00fchrung neuer Services. F\u00fcr Ihren erneuten Besuch gilt dann die neue Datenschutzerkl\u00e4rung.<\/span><\/p>\n<p style=\"margin-bottom: 15pt; line-height: normal; background-image: initial; background-position: initial; background-size: initial; background-repeat: initial; background-attachment: initial; background-origin: initial; background-clip: initial;\"><span style=\"font-size: 15pt; font-family: Arial, sans-serif;\">Wenn Sie Fragen haben, die Ihnen diese Datenschutzerkl\u00e4rung nicht beantworten konnte oder wenn Sie zu einem Punkt vertiefende Informationen w\u00fcnschen, wenden Sie sich bitte jederzeit an unser Unternehmen.<\/span><\/p>\n<p style=\"margin-bottom: 0.0001pt; line-height: normal; background-image: initial; background-position: initial; background-size: initial; background-repeat: initial; background-attachment: initial; background-origin: initial; background-clip: initial;\"><span style=\"font-size: 15pt; font-family: Arial, sans-serif;\">Pauls Tischlerei<br>Inh. Paul Druschinez<br>Holunderweg 17<br>51491 Overath<br><u><span style=\"padding: 0cm; border: 1pt none windowtext;\"><a href=\"mailto:info@pauls-tischlerei.de\">info@pauls-tischlerei.de<\/a><\/span><\/u><\/span><\/p><\/div>\n\t\t\t\t<\/div>\n\t\t\t\t<\/div>\n\t\t\t\t\t\t<\/div>\n\t\t\t\t\t<\/div>\n\t\t<\/div>\n\t\t\t\t\t\t\t\t<\/div>\n\t\t\t\t\t<\/div>\n\t\t<\/section>\n\t\t\t\t\t\t<\/div>\n\t\t\t\t\t\t<\/div>\n\t\t\t\t\t<\/div>\n\t\t","protected":false},"excerpt":{"rendered":"<p>Erhebung \/ Speicherung personenbezogener Daten sowie Art \/ Zweck der Verwendung Wir nehmen den Schutz Ihrer pers\u00f6nlichen Daten sehr ernst und verarbeiten personenbezogene Daten auf dieser Webseite nur im technisch notwendigen Umfang oder wenn Sie uns Ihre Daten \u00fcber einen Kommunikationskanal zur Verf\u00fcgung stellen. In keinem Fall werden diese verarbeiteten Daten verkauft. Eine Weitergabe der &hellip; <a href=\"https:\/\/pauls-tischlerei.de\/?page_id=180\" class=\"more-link\"><span class=\"screen-reader-text\">Datenschutz<\/span> weiterlesen <span class=\"meta-nav\">&rarr;<\/span><\/a><\/p>\n","protected":false},"author":2,"featured_media":0,"parent":0,"menu_order":0,"comment_status":"closed","ping_status":"closed","template":"","meta":[],"_links":{"self":[{"href":"https:\/\/pauls-tischlerei.de\/index.php?rest_route=\/wp\/v2\/pages\/180"}],"collection":[{"href":"https:\/\/pauls-tischlerei.de\/index.php?rest_route=\/wp\/v2\/pages"}],"about":[{"href":"https:\/\/pauls-tischlerei.de\/index.php?rest_route=\/wp\/v2\/types\/page"}],"author":[{"embeddable":true,"href":"https:\/\/pauls-tischlerei.de\/index.php?rest_route=\/wp\/v2\/users\/2"}],"replies":[{"embeddable":true,"href":"https:\/\/pauls-tischlerei.de\/index.php?rest_route=%2Fwp%2Fv2%2Fcomments&post=180"}],"version-history":[{"count":18,"href":"https:\/\/pauls-tischlerei.de\/index.php?rest_route=\/wp\/v2\/pages\/180\/revisions"}],"predecessor-version":[{"id":234,"href":"https:\/\/pauls-tischlerei.de\/index.php?rest_route=\/wp\/v2\/pages\/180\/revisions\/234"}],"wp:attachment":[{"href":"https:\/\/pauls-tischlerei.de\/index.php?rest_route=%2Fwp%2Fv2%2Fmedia&parent=180"}],"curies":[{"name":"wp","href":"https:\/\/api.w.org\/{rel}","templated":true}]}}