{"id":173,"date":"2018-11-18T21:21:28","date_gmt":"2018-11-18T21:21:28","guid":{"rendered":"http:\/\/pauls-tischlerei.de\/?page_id=173"},"modified":"2018-11-18T21:25:31","modified_gmt":"2018-11-18T21:25:31","slug":"agb","status":"publish","type":"page","link":"https:\/\/pauls-tischlerei.de\/?page_id=173","title":{"rendered":"AGB"},"content":{"rendered":"\t\t<div data-elementor-type=\"wp-post\" data-elementor-id=\"173\" class=\"elementor elementor-173 elementor-bc-flex-widget\" data-elementor-settings=\"[]\">\n\t\t\t\t\t\t<div class=\"elementor-inner\">\n\t\t\t\t\t\t\t<div class=\"elementor-section-wrap\">\n\t\t\t\t\t\t\t<section class=\"elementor-section elementor-top-section elementor-element elementor-element-491f9fc elementor-section-boxed elementor-section-height-default elementor-section-height-default\" data-id=\"491f9fc\" data-element_type=\"section\">\n\t\t\t\t\t\t<div class=\"elementor-container elementor-column-gap-default\">\n\t\t\t\t\t\t\t<div class=\"elementor-row\">\n\t\t\t\t\t<div class=\"elementor-column elementor-col-100 elementor-top-column elementor-element elementor-element-f234c6f\" data-id=\"f234c6f\" data-element_type=\"column\">\n\t\t\t<div class=\"elementor-column-wrap elementor-element-populated\">\n\t\t\t\t\t\t\t<div class=\"elementor-widget-wrap\">\n\t\t\t\t\t\t<div class=\"elementor-element elementor-element-79333e2 elementor-widget elementor-widget-heading\" data-id=\"79333e2\" data-element_type=\"widget\" data-widget_type=\"heading.default\">\n\t\t\t\t<div class=\"elementor-widget-container\">\n\t\t\t<h2 class=\"elementor-heading-title elementor-size-default\">ALLGEMEINE GESCH\u00c4FTSBEDINGUNGEN\ndes Tischler- und Schreinerhandwerks (Stand 01.01.2018)<\/h2>\t\t<\/div>\n\t\t\t\t<\/div>\n\t\t\t\t\t\t<\/div>\n\t\t\t\t\t<\/div>\n\t\t<\/div>\n\t\t\t\t\t\t\t\t<\/div>\n\t\t\t\t\t<\/div>\n\t\t<\/section>\n\t\t\t\t<section class=\"elementor-section elementor-top-section elementor-element elementor-element-284abf5 elementor-section-boxed elementor-section-height-default elementor-section-height-default\" data-id=\"284abf5\" data-element_type=\"section\">\n\t\t\t\t\t\t<div class=\"elementor-container elementor-column-gap-default\">\n\t\t\t\t\t\t\t<div class=\"elementor-row\">\n\t\t\t\t\t<div class=\"elementor-column elementor-col-100 elementor-top-column elementor-element elementor-element-cc4d09a\" data-id=\"cc4d09a\" data-element_type=\"column\">\n\t\t\t<div class=\"elementor-column-wrap elementor-element-populated\">\n\t\t\t\t\t\t\t<div class=\"elementor-widget-wrap\">\n\t\t\t\t\t\t<section class=\"elementor-section elementor-inner-section elementor-element elementor-element-a7fd721 elementor-section-boxed elementor-section-height-default elementor-section-height-default\" data-id=\"a7fd721\" data-element_type=\"section\">\n\t\t\t\t\t\t<div class=\"elementor-container elementor-column-gap-default\">\n\t\t\t\t\t\t\t<div class=\"elementor-row\">\n\t\t\t\t\t<div class=\"elementor-column elementor-col-50 elementor-inner-column elementor-element elementor-element-cdbadaf\" data-id=\"cdbadaf\" data-element_type=\"column\">\n\t\t\t<div class=\"elementor-column-wrap elementor-element-populated\">\n\t\t\t\t\t\t\t<div class=\"elementor-widget-wrap\">\n\t\t\t\t\t\t<div class=\"elementor-element elementor-element-d32939d elementor-widget elementor-widget-text-editor\" data-id=\"d32939d\" data-element_type=\"widget\" data-widget_type=\"text-editor.default\">\n\t\t\t\t<div class=\"elementor-widget-container\">\n\t\t\t\t\t<div class=\"elementor-text-editor elementor-clearfix\"><p style=\"text-align: left; padding-left: 30px;\"><span style=\"color: #000000;\"><span class=\"fontstyle0\">1.<strong> Grunds\u00e4tzliches<\/strong><br \/><\/span><span class=\"fontstyle2\">Es gilt deutsches Recht. Die AGB gelten unabh\u00e4ngig davon, ob wir als Auftragnehmer oder Auftraggeber Vertragspartei werden. Unseren AGB entgegenstehende, abweichende Bedingungen des Kunden oder Lieferanten wird widersprochen. Die AGB gelten nicht bei Vergaben nach VOB\/A oder VOL\/A.<\/span><\/span><\/p><p style=\"text-align: left; padding-left: 30px;\"><span style=\"color: #000000;\"><span class=\"fontstyle0\"><strong>2. Weitere Vertragsgrundlagen<\/strong><br \/><strong>2.1 Auftragsannahme<\/strong><br \/><\/span><span class=\"fontstyle2\">Bis zur Auftragsannahme sind alle Angebote freibleibend. Weicht der Auftrag<br \/>des Auftraggebers von unserem Angebot ab, so kommt ein Vertrag in diesem<br \/>Falle erst mit der Best\u00e4tigung des Auftragnehmers zustande.<\/span><\/span><\/p><p style=\"text-align: left; padding-left: 30px;\"><span style=\"color: #000000;\"><span class=\"fontstyle0\"><strong>2.2 Lieferverz\u00f6gerung<\/strong><br \/><\/span><span class=\"fontstyle2\">Wird die von uns geschuldete Leistung durch h\u00f6here Gewalt, rechtm\u00e4\u00dfigen<br \/>Streik, unverschuldetes Unverm\u00f6gen auf Seiten des Auftragnehmers oder eines<br \/>seiner Lieferanten sowie ung\u00fcnstige Witterungsverh\u00e4ltnisse verz\u00f6gert, so verl\u00e4ngert sich die vereinbarte Lieferfrist um die Dauer der Verz\u00f6gerung.<br \/>Dauert die Verz\u00f6gerung unangemessen lange, so kann jeder Vertragsteil ohne<br \/>Ersatzleistung vom Vertrag zur\u00fccktreten. Kann die Lieferung aufgrund von<br \/>Umst\u00e4nden, die der Auftraggeber zu vertreten hat, nicht zum vereinbarten<br \/>Termin erfolgen, so geht die Gefahr in dem Zeitpunkt auf den Auftraggeber \u00fcber,<br \/>in dem ihm die Anzeige \u00fcber die Lieferbereitschaft zugegangen ist. Lagerkosten gehen zu Lasten des Auftraggebers. Wir behalten uns die Geltendmachung weiterer Verz\u00f6gerungskosten vor.<\/span><\/span><\/p><p style=\"text-align: left; padding-left: 30px;\"><span style=\"color: #000000;\"><span class=\"fontstyle0\"><strong>2.3 Mangelr\u00fcge<\/strong><br \/><\/span><span class=\"fontstyle2\">Offensichtliche M\u00e4ngel unserer Leistung m\u00fcssen von Unternehmern zwei Wochen nach Lieferung der Ware oder bei Abnahme der Leistung schriftlich ger\u00fcgt werden. Nach Ablauf dieser Frist k\u00f6nnen M\u00e4ngelanspr\u00fcche wegen offensichtlicher M\u00e4ngel nicht mehr geltend gemacht werden. Die weitergehenden Vorschriften beim Handelskauf bleiben unber\u00fchrt.<\/span><\/span><\/p><p style=\"text-align: left; padding-left: 30px;\"><span style=\"color: #000000;\"><span class=\"fontstyle0\"><strong>2.4. Mangelverj\u00e4hrung<\/strong><br \/><\/span><span class=\"fontstyle2\">Bei Vertr\u00e4gen mit Unternehmern, die keine Bauleistung betreffen, betr\u00e4gt die<br \/>Gew\u00e4hrleistung ein Jahr. Bei Reparaturarbeiten, die keine Bauleistung darstellen, gilt eine Verj\u00e4hrung der Gew\u00e4hrleistung von einem Jahr ohne R\u00fccksicht auf die Person des Vertragspartners. Die Regelungen dieses Absatzes gelten nicht, soweit Vorsatz oder grobe Fahrl\u00e4ssigkeit vorliegt oder Anspr\u00fcche wegen der Verletzung des Lebens, des K\u00f6rpers oder der Gesundheit geltend gemacht werden oder soweit der Verk\u00e4ufer den Mangel arglistig verschwiegen hat oder eine Garantie f\u00fcr die Beschaffenheit des Liefergegenstandes \u00fcbernommen hat.<\/span><\/span><\/p><p style=\"text-align: left; padding-left: 30px;\"><span style=\"color: #000000;\"><span class=\"fontstyle0\"><strong>2.5 Umsetzung der Gew\u00e4hrleistung<\/strong><br \/><\/span><span class=\"fontstyle2\">Bei berechtigten M\u00e4ngelr\u00fcgen haben wir die Wahl, entweder die mangelhaften<br \/>Liefergegenst\u00e4nde nachzubessern oder dem Auftraggeber gegen R\u00fccknahme<br \/>des beanstandeten Gegenstandes Ersatz zu liefern. Solange wir unseren Verpflichtungen auf Behebung der M\u00e4ngel nachkommen, hat der Auftraggeber nicht<br \/>das Recht, Herabsetzung der Verg\u00fctung oder R\u00fcckg\u00e4ngigmachung des Vertrages zu verlangen, sofern nicht ein Fehlschlagen der Nachbesserung vorliegt. Ist<br \/>eine Nachbesserung oder Ersatzlieferung unm\u00f6glich, schl\u00e4gt sie fehl oder wird<br \/>sie verweigert, kann der Auftraggeber nach seiner Wahl einen entsprechenden<br \/>Preisnachlass oder R\u00fcckg\u00e4ngigmachung des Vertrages verlangen. Satz 1 gilt<br \/>nicht bei Verbrauchergesch\u00e4ften \u00fcber den Bezug beweglicher Sachen.<\/span><\/span><\/p><p style=\"text-align: left; padding-left: 30px;\"><span style=\"color: #000000;\"><span class=\"fontstyle0\"><strong>2.6. Aus- und Einbaukosten<\/strong><br \/><\/span><span class=\"fontstyle2\">Die gesetzliche Regelung im Kaufvertragsrecht gilt uneingeschr\u00e4nkt f\u00fcr die Geltendmachung von Aus- und Einbaukosten.<\/span><\/span><\/p><p style=\"text-align: left; padding-left: 30px;\"><span style=\"color: #000000;\"><span class=\"fontstyle0\"><strong>2.7. Anlieferung<\/strong><br \/><\/span><span class=\"fontstyle2\">Beim Anliefern setzen wir voraus, dass das Fahrzeug unmittelbar an das Geb\u00e4ude fahren und entladen kann. Mehrkosten, die durch weitere Transportwege<br \/>oder wegen erschwerter Anfuhr vom Fahrzeug zum Geb\u00e4ude verursacht werden, werden gesondert berechnet. F\u00fcr Transporte \u00fcber das 2. Stockwerk hinaus<br \/>sind mechanische Transportmittel vom Auftraggeber bereitzustellen. Treppen<br \/>m\u00fcssen passierbar und gegen Besch\u00e4digung gesch\u00fctzt sein. Wird die Ausf\u00fchrung unserer Arbeiten oder der von uns beauftragten Personen durch Umst\u00e4nde behindert, die der Auftraggeber zu vertreten hat, so werden die entsprechenden Kosten (z. B. Arbeitszeit und Fahrtkosten) in Rechnung gestellt.<\/span><\/span><\/p><p style=\"text-align: left; padding-left: 30px;\"><span style=\"color: #000000;\"><span class=\"fontstyle0\"><strong>2.8 Abschlagszahlung<\/strong><br \/><\/span><span class=\"fontstyle2\">Ist kein individueller Zahlungsplan vereinbart, k\u00f6nnen wir f\u00fcr Teilleistungen in<br \/>H\u00f6he des Wertes der erbrachten Leistungen eine Abschlagzahlung verlangen.<\/span><\/span><\/p><p style=\"text-align: left; padding-left: 30px;\"><span style=\"color: #000000;\"><span class=\"fontstyle0\"><strong>3. F\u00f6rmliche Abnahme<\/strong><br \/><\/span><span class=\"fontstyle2\">Sofern vertraglich eine f\u00f6rmliche Abnahme vorgesehen ist, tritt die Abnahmewirkung auch dann ein, wenn der Auftraggeber einmal vergeblich und in zumutbarer Weise zur Durchf\u00fchrung der Abnahme aufgefordert wurde. Die Abnahmewirkung tritt zw\u00f6lf Werktage nach Zugang der Aufforderung ein.<\/span><\/span><\/p><p style=\"text-align: left; padding-left: 30px;\"><span style=\"color: #000000;\"><span class=\"fontstyle0\"><strong>4. Pauschalierter Schadensersatz<\/strong><br \/><\/span><span class=\"fontstyle2\">K\u00fcndigt der Auftraggeber gem\u00e4\u00df \u00a7 648 BGB den Werkvertrag, so sind wir<br \/>berechtigt, 10 % der Gesamtauftragssumme bzw. 10% der Verg\u00fctung f\u00fcr den noch nicht erbrachten Teil der Leistung als Schadensersatz zu verlangen. Bei entsprechendem Nachweis k\u00f6nnen wir auch einen h\u00f6heren Betrag geltend machen. <span class=\"fontstyle0\">Dem Auftraggeber bleibt ausdr\u00fccklich das Recht vorbehalten, einen<br \/>geringeren Schaden nachzuweisen.<\/span> <br \/>\u00a0<br \/><\/span><\/span><\/p><\/div>\n\t\t\t\t<\/div>\n\t\t\t\t<\/div>\n\t\t\t\t\t\t<\/div>\n\t\t\t\t\t<\/div>\n\t\t<\/div>\n\t\t\t\t<div class=\"elementor-column elementor-col-50 elementor-inner-column elementor-element elementor-element-b518044\" data-id=\"b518044\" data-element_type=\"column\">\n\t\t\t<div class=\"elementor-column-wrap elementor-element-populated\">\n\t\t\t\t\t\t\t<div class=\"elementor-widget-wrap\">\n\t\t\t\t\t\t<div class=\"elementor-element elementor-element-52245d9 elementor-widget elementor-widget-text-editor\" data-id=\"52245d9\" data-element_type=\"widget\" data-widget_type=\"text-editor.default\">\n\t\t\t\t<div class=\"elementor-widget-container\">\n\t\t\t\t\t<div class=\"elementor-text-editor elementor-clearfix\"><p><span style=\"color: #000000;\"> <span class=\"fontstyle0\"><strong>5. Wartungs-, Kontroll- und Pflegehinweise<\/strong><br \/><strong>5.1<\/strong> <\/span><span class=\"fontstyle2\">Wir weisen darauf hin, dass f\u00fcr eine dauerhafte Funktion Wartungsarbeiten<br \/>durchzuf\u00fchren sind, insbesondere:<br \/><\/span><span class=\"fontstyle2\">\u2013 <\/span><span class=\"fontstyle2\">Beschl\u00e4ge und g\u00e4ngige Bauteile sind zu kontrollieren und evtl. zu \u00f6len oder zu fetten<br \/><\/span><span class=\"fontstyle2\">\u2013 <\/span><span class=\"fontstyle2\">Abdichtungsfugen sind regelm\u00e4\u00dfig zu kontrollieren<br \/><\/span><span class=\"fontstyle2\">\u2013 <\/span><span class=\"fontstyle2\">Anstriche innen wie au\u00dfen (z.B. Fenster, Fu\u00dfb\u00f6den, Treppenstufen) sind<br \/>jeweils nach Lack- oder Lasurart und Witterungseinfluss und Nutzung nachzubehandeln<\/span><\/span><\/p><p><span style=\"color: #000000;\"><span class=\"fontstyle2\">Diese Arbeiten geh\u00f6ren nicht zum Auftragsumfang, wenn nicht ausdr\u00fccklich<br \/>anders vereinbart. Unterlassene Wartungsarbeiten k\u00f6nnen die Lebensdauer und<br \/>Funktionst\u00fcchtigkeit der Bauteile beeintr\u00e4chtigen, ohne dass hierdurch M\u00e4ngelanspr\u00fcche entstehen.<\/span><\/span><\/p><p><span style=\"color: #000000;\"><span class=\"fontstyle0\"><strong>5.2<\/strong> <\/span><span class=\"fontstyle2\">Durch den fachgerechten Einbau moderner Fenster und Au\u00dfent\u00fcren wird die energetische Qualit\u00e4t des Geb\u00e4udes verbessert und die Geb\u00e4udeh\u00fclle dichter. Um die Raumluftqualit\u00e4t zu erhalten und der Schimmelpilzbildung vorzubeugen, sind zus\u00e4tzliche Anforderungen an die Be- und Entl\u00fcftung des Geb\u00e4udes nach<br \/>DIN 1946-6 zu erf\u00fcllen. Ein insoweit eventuell notwendiges L\u00fcftungskonzept, ist eine planerische Aufgabe, die nicht Gegenstand des Auftrages an den Handwerker ist und in jedem Fall vom Auftraggeber\/Bauherrn zu veranlassen ist.<\/span><\/span><\/p><p><span style=\"color: #000000;\"><strong><span class=\"fontstyle0\">5.3 <\/span><\/strong><span class=\"fontstyle2\">Unwesentliche, zumutbare Abweichungen in den Abmessungen und Ausf\u00fchrungen (Farbe und Struktur), insbesondere bei Nachbestellungen, bleiben vorbehalten, soweit diese in der Natur der verwendeten Materialien (Massivh\u00f6lzer, Furniere, Leder, Stoffe und \u00c4hnliches) liegen und \u00fcblich sind.<\/span><\/span><\/p><p><span style=\"color: #000000;\"><span class=\"fontstyle0\"><strong>5.4<\/strong> <\/span><span class=\"fontstyle2\">Der Auftraggeber hat zum Schutz und Erhalt der gelieferten Bauteile (z.B. Fenster, Treppen, Parkett) f\u00fcr geeignete klimatische Raumbedingungen (Luftfeuchtigkeit, Temperatur) Sorge zu tragen.<\/span><\/span><\/p><p><span style=\"color: #000000;\"><span class=\"fontstyle0\"><strong>6. Ausschluss der Aufrechnung<\/strong><br \/><\/span><span class=\"fontstyle2\">Die Aufrechnung mit anderen als unbestrittenen oder rechtskr\u00e4ftig festgestellten<br \/>Forderungen ist ausgeschlossen.<\/span><\/span><\/p><p><span style=\"color: #000000;\"><span class=\"fontstyle0\"><strong>7. Eigentumsvorbehalt<\/strong><br \/><strong>7.1<\/strong> <\/span><span class=\"fontstyle2\">Gelieferte Gegenst\u00e4nde bleiben bis zur vollen Bezahlung der Verg\u00fctung unser Eigentum.<\/span><\/span><\/p><p><span style=\"color: #000000;\"><span class=\"fontstyle0\"><strong>7.2<\/strong> <\/span><span class=\"fontstyle2\">Der Auftraggeber ist verpflichtet, uns Pf\u00e4ndungen der Eigentumsvorbehaltsgegenst\u00e4nde unverz\u00fcglich in Textform anzuzeigen und die Pfandgl\u00e4ubiger von dem Eigentumsvorbehalt zu unterrichten. Der Auftraggeber ist nicht berechtigt,<br \/>die ihm unter Eigentumsvorbehalt gelieferten Gegenst\u00e4nde zu ver\u00e4u\u00dfern, zu verschenken, zu verpf\u00e4nden oder zur Sicherheit zu \u00fcbereignen.<\/span><\/span><\/p><p><span style=\"color: #000000;\"><strong><span class=\"fontstyle0\">7.3 <\/span><\/strong><span class=\"fontstyle2\">Erfolgt die Lieferung f\u00fcr einen vom Auftraggeber unterhaltenen Gesch\u00e4ftsbetrieb, so d\u00fcrfen die Gegenst\u00e4nde im Rahmen einer ordnungsgem\u00e4\u00dfen Gesch\u00e4ftsf\u00fchrung weiter ver\u00e4u\u00dfert werden. In diesem Falle werden die Forderungen des Auftraggebers gegen den Abnehmer aus der Ver\u00e4u\u00dferung bereits jetzt<br \/>in H\u00f6he des Rechnungswertes des gelieferten Vorbehaltsgegenstandes an uns<br \/>abgetreten. Bei Weiterver\u00e4u\u00dferung der Gegenst\u00e4nde auf Kredit hat sich der<br \/>Auftraggeber gegen\u00fcber seinem Abnehmer das Eigentum vorzubehalten. Die Rechte und Anspr\u00fcche aus diesem Eigentumsvorbehalt gegen\u00fcber seinem Abnehmer tritt der Auftraggeber hiermit an uns ab.<\/span><\/span><\/p><p><span style=\"color: #000000;\"><span class=\"fontstyle0\"><strong>7.4<\/strong> <\/span><span class=\"fontstyle2\">Werden Eigentumsvorbehaltsgegenst\u00e4nde als wesentliche Bestandteile in das Grundst\u00fcck des Auftraggebers eingebaut, so tritt der Auftraggeber schon jetzt die aus einer Ver\u00e4u\u00dferung des Grundst\u00fcckes oder von Grundst\u00fccksrechten entstehenden Forderungen in H\u00f6he des Rechnungswertes der Eigentumsvorbehaltsgegenst\u00e4nde mit allen Nebenrechten an uns ab.<\/span><\/span><\/p><p><span style=\"color: #000000;\"><span class=\"fontstyle0\"><strong>7.5<\/strong> <\/span><span class=\"fontstyle2\">Werden die Eigentumsvorbehaltsgegenst\u00e4nde vom Auftraggeber bzw. im Auftrag des Auftraggebers als wesentliche Bestandteile in das Grundst\u00fcck eines Dritten eingebaut, so tritt der Auftraggeber schon jetzt gegen den Dritten oder<br \/>den, den es angeht, etwa entstehende Forderungen auf Verg\u00fctung in H\u00f6he des<br \/>Rechnungswertes der Eigentumsvorbehaltsgegenst\u00e4nde mit allen Nebenrechten an uns ab. Bei Verarbeitung, Verbindung und Vermischung der Vorbehaltsgegenst\u00e4nde mit anderen Gegenst\u00e4nden durch den Auftraggeber steht uns das Miteigentum an der neuen Sache zu im Verh\u00e4ltnis des Rechnungswertes der<br \/>Vorbehaltsgegenst\u00e4nde zum Wert der \u00fcbrigen Gegenst\u00e4nde.<\/span><\/span><\/p><p><span style=\"color: #000000;\"><span class=\"fontstyle0\"><strong>8. Eigentums- und Urheberrecht<\/strong><br \/><\/span><span class=\"fontstyle2\">An Kostenanschl\u00e4gen, Entw\u00fcrfen, Zeichnungen und Berechnungen behalten wir<br \/>uns unser Eigentums- und Urheberrecht vor. Sie d\u00fcrfen ohne unsere Zustimmung weder genutzt, vervielf\u00e4ltigt noch dritten Personen zug\u00e4nglich gemacht werden. Sie sind im Falle der Nichterteilung des Auftrages unverz\u00fcglich zur\u00fcckzugeben.<\/span><\/span><\/p><p><span style=\"color: #000000;\"><span class=\"fontstyle0\"><strong>9. Streitbeilegung<\/strong><br \/><\/span><span class=\"fontstyle2\">Wir sind weder bereit noch zur Teilnahme an Streitbeilegungsverfahren vor einer<br \/>Verbraucherschlichtungsstelle verpflichtet.<\/span><\/span><\/p><p><span style=\"color: #000000;\"><span class=\"fontstyle0\"><strong>10. Gerichtsstand<\/strong><br \/><\/span><span class=\"fontstyle2\">Sind beide Vertragsparteien Kaufleute, so ist ausschlie\u00dflicher Gerichtsstand der<br \/>Gesch\u00e4ftssitz unseres Unternehmens<\/span><\/span><\/p><\/div>\n\t\t\t\t<\/div>\n\t\t\t\t<\/div>\n\t\t\t\t\t\t<\/div>\n\t\t\t\t\t<\/div>\n\t\t<\/div>\n\t\t\t\t\t\t\t\t<\/div>\n\t\t\t\t\t<\/div>\n\t\t<\/section>\n\t\t\t\t\t\t<\/div>\n\t\t\t\t\t<\/div>\n\t\t<\/div>\n\t\t\t\t\t\t\t\t<\/div>\n\t\t\t\t\t<\/div>\n\t\t<\/section>\n\t\t\t\t\t\t<\/div>\n\t\t\t\t\t\t<\/div>\n\t\t\t\t\t<\/div>\n\t\t","protected":false},"excerpt":{"rendered":"<p>ALLGEMEINE GESCH\u00c4FTSBEDINGUNGEN des Tischler- und Schreinerhandwerks (Stand 01.01.2018) 1. Grunds\u00e4tzlichesEs gilt deutsches Recht. Die AGB gelten unabh\u00e4ngig davon, ob wir als Auftragnehmer oder Auftraggeber Vertragspartei werden. Unseren AGB entgegenstehende, abweichende Bedingungen des Kunden oder Lieferanten wird widersprochen. Die AGB gelten nicht bei Vergaben nach VOB\/A oder VOL\/A. 2. Weitere Vertragsgrundlagen2.1 AuftragsannahmeBis zur Auftragsannahme sind alle &hellip; <a href=\"https:\/\/pauls-tischlerei.de\/?page_id=173\" class=\"more-link\"><span class=\"screen-reader-text\">AGB<\/span> weiterlesen <span class=\"meta-nav\">&rarr;<\/span><\/a><\/p>\n","protected":false},"author":2,"featured_media":0,"parent":0,"menu_order":0,"comment_status":"closed","ping_status":"closed","template":"","meta":[],"_links":{"self":[{"href":"https:\/\/pauls-tischlerei.de\/index.php?rest_route=\/wp\/v2\/pages\/173"}],"collection":[{"href":"https:\/\/pauls-tischlerei.de\/index.php?rest_route=\/wp\/v2\/pages"}],"about":[{"href":"https:\/\/pauls-tischlerei.de\/index.php?rest_route=\/wp\/v2\/types\/page"}],"author":[{"embeddable":true,"href":"https:\/\/pauls-tischlerei.de\/index.php?rest_route=\/wp\/v2\/users\/2"}],"replies":[{"embeddable":true,"href":"https:\/\/pauls-tischlerei.de\/index.php?rest_route=%2Fwp%2Fv2%2Fcomments&post=173"}],"version-history":[{"count":2,"href":"https:\/\/pauls-tischlerei.de\/index.php?rest_route=\/wp\/v2\/pages\/173\/revisions"}],"predecessor-version":[{"id":176,"href":"https:\/\/pauls-tischlerei.de\/index.php?rest_route=\/wp\/v2\/pages\/173\/revisions\/176"}],"wp:attachment":[{"href":"https:\/\/pauls-tischlerei.de\/index.php?rest_route=%2Fwp%2Fv2%2Fmedia&parent=173"}],"curies":[{"name":"wp","href":"https:\/\/api.w.org\/{rel}","templated":true}]}}