{"id":104,"date":"2018-11-02T12:03:18","date_gmt":"2018-11-02T12:03:18","guid":{"rendered":"http:\/\/pauls-tischlerei.de\/?page_id=104"},"modified":"2023-10-27T18:12:05","modified_gmt":"2023-10-27T18:12:05","slug":"startseite","status":"publish","type":"page","link":"https:\/\/pauls-tischlerei.de\/","title":{"rendered":"Startseite"},"content":{"rendered":"\t\t<div data-elementor-type=\"wp-post\" data-elementor-id=\"104\" class=\"elementor elementor-104\" data-elementor-settings=\"[]\">\n\t\t\t\t\t\t<div class=\"elementor-inner\">\n\t\t\t\t\t\t\t<div class=\"elementor-section-wrap\">\n\t\t\t\t\t\t\t<section class=\"elementor-section elementor-top-section elementor-element elementor-element-b84c6d8 elementor-section-boxed elementor-section-height-default elementor-section-height-default\" data-id=\"b84c6d8\" data-element_type=\"section\">\n\t\t\t\t\t\t<div class=\"elementor-container elementor-column-gap-default\">\n\t\t\t\t\t\t\t<div class=\"elementor-row\">\n\t\t\t\t\t<div class=\"elementor-column elementor-col-100 elementor-top-column elementor-element elementor-element-69b9ef5\" data-id=\"69b9ef5\" data-element_type=\"column\">\n\t\t\t<div class=\"elementor-column-wrap elementor-element-populated\">\n\t\t\t\t\t\t\t<div class=\"elementor-widget-wrap\">\n\t\t\t\t\t\t<div class=\"elementor-element elementor-element-5e16faa elementor-widget elementor-widget-heading\" data-id=\"5e16faa\" data-element_type=\"widget\" data-widget_type=\"heading.default\">\n\t\t\t\t<div class=\"elementor-widget-container\">\n\t\t\t<h2 class=\"elementor-heading-title elementor-size-default\"><b>Willkommen bei Pauls Tischlerei!<\/b><\/h2>\t\t<\/div>\n\t\t\t\t<\/div>\n\t\t\t\t\t\t<\/div>\n\t\t\t\t\t<\/div>\n\t\t<\/div>\n\t\t\t\t\t\t\t\t<\/div>\n\t\t\t\t\t<\/div>\n\t\t<\/section>\n\t\t\t\t<section class=\"elementor-section elementor-top-section elementor-element elementor-element-354478d elementor-section-boxed elementor-section-height-default elementor-section-height-default\" data-id=\"354478d\" data-element_type=\"section\">\n\t\t\t\t\t\t<div class=\"elementor-container elementor-column-gap-default\">\n\t\t\t\t\t\t\t<div class=\"elementor-row\">\n\t\t\t\t\t<div class=\"elementor-column elementor-col-100 elementor-top-column elementor-element elementor-element-a35f3ab\" data-id=\"a35f3ab\" data-element_type=\"column\">\n\t\t\t<div class=\"elementor-column-wrap elementor-element-populated\">\n\t\t\t\t\t\t\t<div class=\"elementor-widget-wrap\">\n\t\t\t\t\t\t<div class=\"elementor-element elementor-element-6c7467f elementor-widget elementor-widget-text-editor\" data-id=\"6c7467f\" data-element_type=\"widget\" data-widget_type=\"text-editor.default\">\n\t\t\t\t<div class=\"elementor-widget-container\">\n\t\t\t\t\t<div class=\"elementor-text-editor elementor-clearfix\"><p class=\"MsoNoSpacing\"><span style=\"color: #000000;\">Hier entstehen Ihre Traumm\u00f6bel mit Liebe zum Detail.<\/span><\/p>\n<p class=\"MsoNoSpacing\"><span style=\"color: #000000;\">Leidenschaftlich und qualitativ hochwertig fertigen wir Holzm\u00f6bel in ihrer ganzen Vielfalt. Dabei verwenden wir auch andere Materialien wie Metall, Kunststoff, Glas, Linoleum oder Corian.<\/span><\/p>\n<p class=\"MsoNoSpacing\"><span style=\"color: #000000;\">Wir verlegen Parkett- und Vinylb\u00f6den und k\u00fcmmern uns auch um viele weitere Anliegen rund ums Haus, wie z.B. Terrassen-, Treppen-, Innenausbau oder Rolll\u00e4den.<\/span><\/p>\n<p class=\"MsoNoSpacing\"><span style=\"color: #000000;\">Wir beraten Sie zum Einbruchschutz und bieten Ihnen M\u00f6glichkeiten zum zertifizieren Nachr\u00fcsten oder Einbau von Fenstern und T\u00fcren.<\/span><\/p>\n<p class=\"MsoNoSpacing\"><span style=\"color: #000000;\">Reparaturen an T\u00fcren, Fenstern, B\u00f6den, M\u00f6beln, Rolll\u00e4den, Carports etc. f\u00fchren wir fachgerecht durch.<\/span><\/p>\n<p class=\"MsoNoSpacing\"><span style=\"color: #000000;\">Bei uns k\u00f6nnen Ihre individuellen Vorstellungen Wirklichkeit werden. Mit viel Kreativit\u00e4t finden wir optimale L\u00f6sungen. Beratung, Planung, passgenaue Umsetzung sowie die p\u00fcnktliche Einhaltung von Terminen ist f\u00fcr uns selbstverst\u00e4ndlich.<\/span><\/p><\/div>\n\t\t\t\t<\/div>\n\t\t\t\t<\/div>\n\t\t\t\t\t\t<\/div>\n\t\t\t\t\t<\/div>\n\t\t<\/div>\n\t\t\t\t\t\t\t\t<\/div>\n\t\t\t\t\t<\/div>\n\t\t<\/section>\n\t\t\t\t<section class=\"elementor-section elementor-top-section elementor-element elementor-element-de29ab5 elementor-section-boxed elementor-section-height-default elementor-section-height-default\" data-id=\"de29ab5\" data-element_type=\"section\">\n\t\t\t\t\t\t<div class=\"elementor-container elementor-column-gap-default\">\n\t\t\t\t\t\t\t<div class=\"elementor-row\">\n\t\t\t\t\t<div class=\"elementor-column elementor-col-100 elementor-top-column elementor-element elementor-element-1f70722\" data-id=\"1f70722\" data-element_type=\"column\">\n\t\t\t<div class=\"elementor-column-wrap elementor-element-populated\">\n\t\t\t\t\t\t\t<div class=\"elementor-widget-wrap\">\n\t\t\t\t\t\t<div class=\"elementor-element elementor-element-9651201 elementor-arrows-position-inside elementor-pagination-position-outside elementor-widget elementor-widget-image-carousel\" data-id=\"9651201\" data-element_type=\"widget\" data-settings=\"{&quot;navigation&quot;:&quot;both&quot;,&quot;autoplay&quot;:&quot;yes&quot;,&quot;pause_on_hover&quot;:&quot;yes&quot;,&quot;pause_on_interaction&quot;:&quot;yes&quot;,&quot;autoplay_speed&quot;:5000,&quot;infinite&quot;:&quot;yes&quot;,&quot;speed&quot;:500}\" data-widget_type=\"image-carousel.default\">\n\t\t\t\t<div class=\"elementor-widget-container\">\n\t\t\t\t\t<div class=\"elementor-image-carousel-wrapper swiper-container\" dir=\"ltr\">\n\t\t\t<div class=\"elementor-image-carousel swiper-wrapper\">\n\t\t\t\t<div class=\"swiper-slide\"><figure class=\"swiper-slide-inner\"><img class=\"swiper-slide-image\" src=\"https:\/\/pauls-tischlerei.de\/wp-content\/uploads\/2023\/10\/IMG_20230405_132453-300x225.jpg\" alt=\"IMG_20230405_132453\" \/><\/figure><\/div><div class=\"swiper-slide\"><figure class=\"swiper-slide-inner\"><img class=\"swiper-slide-image\" src=\"https:\/\/pauls-tischlerei.de\/wp-content\/uploads\/2023\/10\/IMG_20230406_145132_1-225x300.jpg\" alt=\"IMG_20230406_145132_1\" \/><\/figure><\/div><div class=\"swiper-slide\"><figure class=\"swiper-slide-inner\"><img class=\"swiper-slide-image\" src=\"https:\/\/pauls-tischlerei.de\/wp-content\/uploads\/2022\/06\/IMG_20200227_124339-225x300.jpg\" alt=\"IMG_20200227_124339\" \/><\/figure><\/div><div class=\"swiper-slide\"><figure class=\"swiper-slide-inner\"><img class=\"swiper-slide-image\" src=\"https:\/\/pauls-tischlerei.de\/wp-content\/uploads\/2022\/06\/IMG_20210630_133923-169x300.jpg\" alt=\"IMG_20210630_133923\" \/><\/figure><\/div><div class=\"swiper-slide\"><figure class=\"swiper-slide-inner\"><img class=\"swiper-slide-image\" src=\"https:\/\/pauls-tischlerei.de\/wp-content\/uploads\/2018\/11\/20180901_162709-300x169.jpg\" alt=\"20180901_162709\" \/><\/figure><\/div>\t\t\t<\/div>\n\t\t\t\t\t\t\t\t\t\t\t\t<div class=\"swiper-pagination\"><\/div>\n\t\t\t\t\t\t\t\t\t\t\t\t\t<div class=\"elementor-swiper-button elementor-swiper-button-prev\">\n\t\t\t\t\t\t<i class=\"eicon-chevron-left\" aria-hidden=\"true\"><\/i>\n\t\t\t\t\t\t<span class=\"elementor-screen-only\">Zur\u00fcck<\/span>\n\t\t\t\t\t<\/div>\n\t\t\t\t\t<div class=\"elementor-swiper-button elementor-swiper-button-next\">\n\t\t\t\t\t\t<i class=\"eicon-chevron-right\" aria-hidden=\"true\"><\/i>\n\t\t\t\t\t\t<span class=\"elementor-screen-only\">Weiter<\/span>\n\t\t\t\t\t<\/div>\n\t\t\t\t\t\t\t\t\t<\/div>\n\t\t\t\t<\/div>\n\t\t\t\t<\/div>\n\t\t\t\t\t\t<\/div>\n\t\t\t\t\t<\/div>\n\t\t<\/div>\n\t\t\t\t\t\t\t\t<\/div>\n\t\t\t\t\t<\/div>\n\t\t<\/section>\n\t\t\t\t<section class=\"elementor-section elementor-top-section elementor-element elementor-element-6dc08c6 elementor-section-boxed elementor-section-height-default elementor-section-height-default\" data-id=\"6dc08c6\" data-element_type=\"section\">\n\t\t\t\t\t\t<div class=\"elementor-container elementor-column-gap-default\">\n\t\t\t\t\t\t\t<div class=\"elementor-row\">\n\t\t\t\t\t<div class=\"elementor-column elementor-col-100 elementor-top-column elementor-element elementor-element-180e172\" data-id=\"180e172\" data-element_type=\"column\">\n\t\t\t<div class=\"elementor-column-wrap elementor-element-populated\">\n\t\t\t\t\t\t\t<div class=\"elementor-widget-wrap\">\n\t\t\t\t\t\t\t\t<\/div>\n\t\t\t\t\t<\/div>\n\t\t<\/div>\n\t\t\t\t\t\t\t\t<\/div>\n\t\t\t\t\t<\/div>\n\t\t<\/section>\n\t\t\t\t\t\t<\/div>\n\t\t\t\t\t\t<\/div>\n\t\t\t\t\t<\/div>\n\t\t","protected":false},"excerpt":{"rendered":"<p>Willkommen bei Pauls Tischlerei! Hier entstehen Ihre Traumm\u00f6bel mit Liebe zum Detail. Leidenschaftlich und qualitativ hochwertig fertigen wir Holzm\u00f6bel in ihrer ganzen Vielfalt. Dabei verwenden wir auch andere Materialien wie Metall, Kunststoff, Glas, Linoleum oder Corian. Wir verlegen Parkett- und Vinylb\u00f6den und k\u00fcmmern uns auch um viele weitere Anliegen rund ums Haus, wie z.B. Terrassen-, &hellip; <a href=\"https:\/\/pauls-tischlerei.de\/\" class=\"more-link\"><span class=\"screen-reader-text\">Startseite<\/span> weiterlesen <span class=\"meta-nav\">&rarr;<\/span><\/a><\/p>\n","protected":false},"author":2,"featured_media":0,"parent":0,"menu_order":0,"comment_status":"closed","ping_status":"closed","template":"","meta":[],"_links":{"self":[{"href":"https:\/\/pauls-tischlerei.de\/index.php?rest_route=\/wp\/v2\/pages\/104"}],"collection":[{"href":"https:\/\/pauls-tischlerei.de\/index.php?rest_route=\/wp\/v2\/pages"}],"about":[{"href":"https:\/\/pauls-tischlerei.de\/index.php?rest_route=\/wp\/v2\/types\/page"}],"author":[{"embeddable":true,"href":"https:\/\/pauls-tischlerei.de\/index.php?rest_route=\/wp\/v2\/users\/2"}],"replies":[{"embeddable":true,"href":"https:\/\/pauls-tischlerei.de\/index.php?rest_route=%2Fwp%2Fv2%2Fcomments&post=104"}],"version-history":[{"count":20,"href":"https:\/\/pauls-tischlerei.de\/index.php?rest_route=\/wp\/v2\/pages\/104\/revisions"}],"predecessor-version":[{"id":327,"href":"https:\/\/pauls-tischlerei.de\/index.php?rest_route=\/wp\/v2\/pages\/104\/revisions\/327"}],"wp:attachment":[{"href":"https:\/\/pauls-tischlerei.de\/index.php?rest_route=%2Fwp%2Fv2%2Fmedia&parent=104"}],"curies":[{"name":"wp","href":"https:\/\/api.w.org\/{rel}","templated":true}]}}